{"id":1086,"date":"2024-03-15T08:34:22","date_gmt":"2024-03-15T08:34:22","guid":{"rendered":"https:\/\/strongeryouth.eu\/?page_id=1086"},"modified":"2024-05-21T10:53:54","modified_gmt":"2024-05-21T10:53:54","slug":"o-projektu","status":"publish","type":"page","link":"https:\/\/strongeryouth.eu\/cs\/o-projektu\/","title":{"rendered":"O projektu"},"content":{"rendered":"\t\t<div data-elementor-type=\"wp-page\" data-elementor-id=\"1086\" class=\"elementor elementor-1086 elementor-29\" data-elementor-post-type=\"page\">\n\t\t\t\t<div class=\"elementor-element elementor-element-bcbd93b e-flex e-con-boxed e-con e-parent\" data-id=\"bcbd93b\" data-element_type=\"container\" data-e-type=\"container\">\n\t\t\t\t\t<div class=\"e-con-inner\">\n\t\t<div class=\"elementor-element elementor-element-bf3e8eb e-con-full e-flex e-con e-child\" data-id=\"bf3e8eb\" data-element_type=\"container\" data-e-type=\"container\">\n\t\t\t\t<div class=\"elementor-element elementor-element-0944441 elementor-widget elementor-widget-heading\" data-id=\"0944441\" data-element_type=\"widget\" data-e-type=\"widget\" data-widget_type=\"heading.default\">\n\t\t\t\t<div class=\"elementor-widget-container\">\n\t\t\t\t\t<h1 class=\"elementor-heading-title elementor-size-default\">O projektu<\/h1>\t\t\t\t<\/div>\n\t\t\t\t<\/div>\n\t\t\t\t<div class=\"elementor-element elementor-element-837ab06 elementor-widget-divider--view-line elementor-widget elementor-widget-divider\" data-id=\"837ab06\" data-element_type=\"widget\" data-e-type=\"widget\" data-widget_type=\"divider.default\">\n\t\t\t\t<div class=\"elementor-widget-container\">\n\t\t\t\t\t\t\t<div class=\"elementor-divider\">\n\t\t\t<span class=\"elementor-divider-separator\">\n\t\t\t\t\t\t<\/span>\n\t\t<\/div>\n\t\t\t\t\t\t<\/div>\n\t\t\t\t<\/div>\n\t\t\t\t<div class=\"elementor-element elementor-element-acce0e4 elementor-widget elementor-widget-text-editor\" data-id=\"acce0e4\" data-element_type=\"widget\" data-e-type=\"widget\" data-widget_type=\"text-editor.default\">\n\t\t\t\t<div class=\"elementor-widget-container\">\n\t\t\t\t\t\t\t\t\t<p>Projekt zd\u016fraz\u0148uje nal\u00e9havost \u0159e\u0161en\u00ed ot\u00e1zky du\u0161evn\u00edho zdrav\u00ed mlad\u00fdch lid\u00ed, kter\u00e1 je pova\u017eov\u00e1na za jeden z nejv\u00fdznamn\u011bj\u0161\u00edch probl\u00e9m\u016f sou\u010dasn\u00e9ho sv\u011bta. Je z\u0159ejm\u00e9, jak jevy, jako jsou ekonomick\u00e9 zm\u011bny, pandemie COVID-19 a dal\u0161\u00ed krize, zvy\u0161uj\u00ed du\u0161evn\u00ed obt\u00ed\u017ee mlad\u00fdch lid\u00ed, co\u017e vede k n\u00e1r\u016fstu \u00fazkosti, depres\u00ed a pokus\u016f o sebevra\u017edu.<\/p><p>Projekt Stronger Youth se zab\u00fdv\u00e1 ot\u00e1zkami du\u0161evn\u00edho zdrav\u00ed a odolnosti ml\u00e1de\u017ee v celosv\u011btov\u00e9m m\u011b\u0159\u00edtku. Umo\u017e\u0148uje partnersk\u00fdm instituc\u00edm pos\u00edlit sv\u00e9 aktivity v oblastech, jako je odolnost ml\u00e1de\u017ee, prevence soci\u00e1ln\u00edho vylou\u010den\u00ed a komunikace s mlad\u00fdmi lidmi. Ka\u017ed\u00e1 partnersk\u00e1 zem\u011b z n\u011bj m\u00e1 jedine\u010dn\u00fd prosp\u011bch, p\u0159i\u010dem\u017e potenci\u00e1ln\u00ed v\u00fdsledky zahrnuj\u00ed zlep\u0161en\u00ed \u00fasil\u00ed o soci\u00e1ln\u00ed za\u010dlen\u011bn\u00ed v It\u00e1lii, zv\u00fd\u0161en\u00ed anga\u017eovanosti ohro\u017een\u00e9 ml\u00e1de\u017ee v Rumunsku a pos\u00edlen\u00ed preventivn\u00edch aktivit v oblasti du\u0161evn\u00edho zdrav\u00ed v Portugalsku, \u010cesk\u00e9 republice a \u0160pan\u011blsku.<\/p>\t\t\t\t\t\t\t\t<\/div>\n\t\t\t\t<\/div>\n\t\t\t\t<\/div>\n\t\t<div class=\"elementor-element elementor-element-8d46c34 e-con-full e-flex e-con e-child\" data-id=\"8d46c34\" data-element_type=\"container\" data-e-type=\"container\" data-settings=\"{&quot;background_background&quot;:&quot;classic&quot;}\">\n\t\t\t\t<div class=\"elementor-element elementor-element-ca53ebd elementor-widget elementor-widget-image\" data-id=\"ca53ebd\" data-element_type=\"widget\" data-e-type=\"widget\" data-widget_type=\"image.default\">\n\t\t\t\t<div class=\"elementor-widget-container\">\n\t\t\t\t\t\t\t\t\t\t\t\t\t\t\t<img fetchpriority=\"high\" decoding=\"async\" width=\"673\" height=\"689\" src=\"https:\/\/strongeryouth.eu\/wp-content\/uploads\/2024\/03\/R-1-1.jpg\" class=\"attachment-full size-full wp-image-520\" alt=\"\" srcset=\"https:\/\/strongeryouth.eu\/wp-content\/uploads\/2024\/03\/R-1-1.jpg 673w, https:\/\/strongeryouth.eu\/wp-content\/uploads\/2024\/03\/R-1-1-293x300.jpg 293w\" sizes=\"(max-width: 673px) 100vw, 673px\" \/>\t\t\t\t\t\t\t\t\t\t\t\t\t\t\t<\/div>\n\t\t\t\t<\/div>\n\t\t\t\t<\/div>\n\t\t\t\t\t<\/div>\n\t\t\t\t<\/div>\n\t\t<div class=\"elementor-element elementor-element-ec3d999 e-flex e-con-boxed e-con e-parent\" data-id=\"ec3d999\" data-element_type=\"container\" data-e-type=\"container\" id=\"objectives\" data-settings=\"{&quot;background_background&quot;:&quot;classic&quot;}\">\n\t\t\t\t\t<div class=\"e-con-inner\">\n\t\t<div class=\"elementor-element elementor-element-8543a2f e-con-full e-flex e-con e-child\" data-id=\"8543a2f\" data-element_type=\"container\" data-e-type=\"container\" data-settings=\"{&quot;background_background&quot;:&quot;classic&quot;}\">\n\t\t<div class=\"elementor-element elementor-element-653623f e-con-full e-flex e-con e-child\" data-id=\"653623f\" data-element_type=\"container\" data-e-type=\"container\">\n\t\t\t\t<div class=\"elementor-element elementor-element-a689986 elementor-widget elementor-widget-heading\" data-id=\"a689986\" data-element_type=\"widget\" data-e-type=\"widget\" data-widget_type=\"heading.default\">\n\t\t\t\t<div class=\"elementor-widget-container\">\n\t\t\t\t\t<h1 class=\"elementor-heading-title elementor-size-default\">C\u00edle<\/h1>\t\t\t\t<\/div>\n\t\t\t\t<\/div>\n\t\t<div class=\"elementor-element elementor-element-aba28ba e-con-full e-flex e-con e-child\" data-id=\"aba28ba\" data-element_type=\"container\" data-e-type=\"container\">\n\t\t\t\t<div class=\"elementor-element elementor-element-373c4d8 elementor-widget__width-initial elementor-widget elementor-widget-image\" data-id=\"373c4d8\" data-element_type=\"widget\" data-e-type=\"widget\" data-widget_type=\"image.default\">\n\t\t\t\t<div class=\"elementor-widget-container\">\n\t\t\t\t\t\t\t\t\t\t\t\t\t\t\t<img decoding=\"async\" width=\"127\" height=\"100\" src=\"https:\/\/strongeryouth.eu\/wp-content\/uploads\/2024\/03\/Number.svg\" class=\"attachment-large size-large wp-image-548\" alt=\"\" \/>\t\t\t\t\t\t\t\t\t\t\t\t\t\t\t<\/div>\n\t\t\t\t<\/div>\n\t\t\t\t<div class=\"elementor-element elementor-element-b335e88 elementor-widget elementor-widget-text-editor\" data-id=\"b335e88\" data-element_type=\"widget\" data-e-type=\"widget\" data-widget_type=\"text-editor.default\">\n\t\t\t\t<div class=\"elementor-widget-container\">\n\t\t\t\t\t\t\t\t\t<p>Podpora socioemo\u010dn\u00edch dovednost\u00ed u dosp\u00edvaj\u00edc\u00edch ohro\u017een\u00fdch depres\u00ed nebo soci\u00e1ln\u00edm vylou\u010den\u00edm prost\u0159ednictv\u00edm mentorsk\u00fdch vztah\u016f s vrstevn\u00edky.<\/p>\t\t\t\t\t\t\t\t<\/div>\n\t\t\t\t<\/div>\n\t\t\t\t<\/div>\n\t\t<div class=\"elementor-element elementor-element-33d0c1c e-con-full e-flex e-con e-child\" data-id=\"33d0c1c\" data-element_type=\"container\" data-e-type=\"container\">\n\t\t\t\t<div class=\"elementor-element elementor-element-1019b28 elementor-widget__width-initial elementor-widget elementor-widget-image\" data-id=\"1019b28\" data-element_type=\"widget\" data-e-type=\"widget\" data-widget_type=\"image.default\">\n\t\t\t\t<div class=\"elementor-widget-container\">\n\t\t\t\t\t\t\t\t\t\t\t\t\t\t\t<img decoding=\"async\" width=\"127\" height=\"101\" src=\"https:\/\/strongeryouth.eu\/wp-content\/uploads\/2024\/03\/Number-1.svg\" class=\"attachment-large size-large wp-image-534\" alt=\"\" \/>\t\t\t\t\t\t\t\t\t\t\t\t\t\t\t<\/div>\n\t\t\t\t<\/div>\n\t\t\t\t<div class=\"elementor-element elementor-element-b1cfa72 elementor-widget elementor-widget-text-editor\" data-id=\"b1cfa72\" data-element_type=\"widget\" data-e-type=\"widget\" data-widget_type=\"text-editor.default\">\n\t\t\t\t<div class=\"elementor-widget-container\">\n\t\t\t\t\t\t\t\t\t<p>Vytvo\u0159it program vrstevnick\u00e9ho mentoringu jako preventivn\u00ed intervenci v oblasti du\u0161evn\u00edho zdrav\u00ed a probl\u00e9m\u016f se za\u010dlen\u011bn\u00edm pro dosp\u00edvaj\u00edc\u00ed.<\/p>\t\t\t\t\t\t\t\t<\/div>\n\t\t\t\t<\/div>\n\t\t\t\t<\/div>\n\t\t\t\t<\/div>\n\t\t<div class=\"elementor-element elementor-element-b9c9365 e-con-full elementor-hidden-tablet elementor-hidden-mobile e-flex e-con e-child\" data-id=\"b9c9365\" data-element_type=\"container\" data-e-type=\"container\">\n\t\t\t\t<\/div>\n\t\t\t\t<\/div>\n\t\t\t\t\t<\/div>\n\t\t\t\t<\/div>\n\t\t<div class=\"elementor-element elementor-element-4c9a189 e-flex e-con-boxed e-con e-parent\" data-id=\"4c9a189\" data-element_type=\"container\" data-e-type=\"container\" id=\"partners\" data-settings=\"{&quot;background_background&quot;:&quot;classic&quot;}\">\n\t\t\t\t\t<div class=\"e-con-inner\">\n\t\t\t\t<div class=\"elementor-element elementor-element-b6f70c7 elementor-widget elementor-widget-heading\" data-id=\"b6f70c7\" data-element_type=\"widget\" data-e-type=\"widget\" data-widget_type=\"heading.default\">\n\t\t\t\t<div class=\"elementor-widget-container\">\n\t\t\t\t\t<h1 class=\"elementor-heading-title elementor-size-default\">Partners<\/h1>\t\t\t\t<\/div>\n\t\t\t\t<\/div>\n\t\t<div class=\"elementor-element elementor-element-1399fae e-flex e-con-boxed e-con e-child\" data-id=\"1399fae\" data-element_type=\"container\" data-e-type=\"container\">\n\t\t\t\t\t<div class=\"e-con-inner\">\n\t\t<div class=\"elementor-element elementor-element-b0615c2 e-con-full e-flex e-con e-child\" data-id=\"b0615c2\" data-element_type=\"container\" data-e-type=\"container\">\n\t\t\t\t<div class=\"elementor-element elementor-element-29e365c elementor-widget elementor-widget-image\" data-id=\"29e365c\" data-element_type=\"widget\" data-e-type=\"widget\" data-widget_type=\"image.default\">\n\t\t\t\t<div class=\"elementor-widget-container\">\n\t\t\t\t\t\t\t\t\t\t\t\t\t\t\t<img loading=\"lazy\" decoding=\"async\" width=\"435\" height=\"242\" src=\"https:\/\/strongeryouth.eu\/wp-content\/uploads\/2024\/03\/Logo.png\" class=\"attachment-full size-full wp-image-594\" alt=\"\" srcset=\"https:\/\/strongeryouth.eu\/wp-content\/uploads\/2024\/03\/Logo.png 435w, https:\/\/strongeryouth.eu\/wp-content\/uploads\/2024\/03\/Logo-300x167.png 300w\" sizes=\"(max-width: 435px) 100vw, 435px\" \/>\t\t\t\t\t\t\t\t\t\t\t\t\t\t\t<\/div>\n\t\t\t\t<\/div>\n\t\t\t\t<div class=\"elementor-element elementor-element-6e3843d elementor-widget elementor-widget-heading\" data-id=\"6e3843d\" data-element_type=\"widget\" data-e-type=\"widget\" data-widget_type=\"heading.default\">\n\t\t\t\t<div class=\"elementor-widget-container\">\n\t\t\t\t\t<h1 class=\"elementor-heading-title elementor-size-default\">PRISM<\/h1>\t\t\t\t<\/div>\n\t\t\t\t<\/div>\n\t\t\t\t<div class=\"elementor-element elementor-element-77de739 elementor-widget elementor-widget-text-editor\" data-id=\"77de739\" data-element_type=\"widget\" data-e-type=\"widget\" data-widget_type=\"text-editor.default\">\n\t\t\t\t<div class=\"elementor-widget-container\">\n\t\t\t\t\t\t\t\t\t<p>PRISM Impresa Sociale s.r.l. nab\u00edz\u00ed prostor pro spoluvytv\u00e1\u0159en\u00ed, otev\u0159en\u00fd jak ve\u0159ejn\u00fdm, tak soukrom\u00fdm subjekt\u016fm pro rozvoj strategi\u00ed a intervenc\u00ed na zv\u00fd\u0161en\u00ed hodnoty potenci\u00e1lu, soci\u00e1ln\u00edch, kulturn\u00edch a ekonomick\u00fdch zdroj\u016f m\u00edstn\u00edch komunit z mezin\u00e1rodn\u00ed perspektivy.<\/p>\t\t\t\t\t\t\t\t<\/div>\n\t\t\t\t<\/div>\n\t\t\t\t<\/div>\n\t\t<div class=\"elementor-element elementor-element-1a3f4d6 e-con-full e-flex e-con e-child\" data-id=\"1a3f4d6\" data-element_type=\"container\" data-e-type=\"container\">\n\t\t\t\t<div class=\"elementor-element elementor-element-770cab0 elementor-widget elementor-widget-image\" data-id=\"770cab0\" data-element_type=\"widget\" data-e-type=\"widget\" data-widget_type=\"image.default\">\n\t\t\t\t<div class=\"elementor-widget-container\">\n\t\t\t\t\t\t\t\t\t\t\t\t\t\t\t<img loading=\"lazy\" decoding=\"async\" width=\"436\" height=\"242\" src=\"https:\/\/strongeryouth.eu\/wp-content\/uploads\/2024\/03\/Logo-1.png\" class=\"attachment-full size-full wp-image-559\" alt=\"\" srcset=\"https:\/\/strongeryouth.eu\/wp-content\/uploads\/2024\/03\/Logo-1.png 436w, https:\/\/strongeryouth.eu\/wp-content\/uploads\/2024\/03\/Logo-1-300x167.png 300w\" sizes=\"(max-width: 436px) 100vw, 436px\" \/>\t\t\t\t\t\t\t\t\t\t\t\t\t\t\t<\/div>\n\t\t\t\t<\/div>\n\t\t\t\t<div class=\"elementor-element elementor-element-ce52139 elementor-widget elementor-widget-heading\" data-id=\"ce52139\" data-element_type=\"widget\" data-e-type=\"widget\" data-widget_type=\"heading.default\">\n\t\t\t\t<div class=\"elementor-widget-container\">\n\t\t\t\t\t<h1 class=\"elementor-heading-title elementor-size-default\">VITECO<\/h1>\t\t\t\t<\/div>\n\t\t\t\t<\/div>\n\t\t\t\t<div class=\"elementor-element elementor-element-46086db elementor-widget elementor-widget-text-editor\" data-id=\"46086db\" data-element_type=\"widget\" data-e-type=\"widget\" data-widget_type=\"text-editor.default\">\n\t\t\t\t<div class=\"elementor-widget-container\">\n\t\t\t\t\t\t\t\t\t<p>Spole\u010dnost VITECO poskytuje technologickou podporu, n\u00e1vrh her a konverzi form\u00e1tu SCORM pro vzd\u011bl\u00e1vac\u00ed instituce, \u0161koly a spole\u010dnosti. Db\u00e1 na jednoduchost a pou\u017eitelnost, d\u00edky \u010demu\u017e je vzd\u011bl\u00e1v\u00e1n\u00ed na d\u00e1lku p\u0159\u00edjemn\u00e9<\/p>\t\t\t\t\t\t\t\t<\/div>\n\t\t\t\t<\/div>\n\t\t\t\t<\/div>\n\t\t<div class=\"elementor-element elementor-element-526990c e-con-full e-flex e-con e-child\" data-id=\"526990c\" data-element_type=\"container\" data-e-type=\"container\">\n\t\t\t\t<div class=\"elementor-element elementor-element-690e097 elementor-widget elementor-widget-image\" data-id=\"690e097\" data-element_type=\"widget\" data-e-type=\"widget\" data-widget_type=\"image.default\">\n\t\t\t\t<div class=\"elementor-widget-container\">\n\t\t\t\t\t\t\t\t\t\t\t\t\t\t\t<img loading=\"lazy\" decoding=\"async\" width=\"435\" height=\"242\" src=\"https:\/\/strongeryouth.eu\/wp-content\/uploads\/2024\/03\/Logo-2.png\" class=\"attachment-full size-full wp-image-566\" alt=\"\" srcset=\"https:\/\/strongeryouth.eu\/wp-content\/uploads\/2024\/03\/Logo-2.png 435w, https:\/\/strongeryouth.eu\/wp-content\/uploads\/2024\/03\/Logo-2-300x167.png 300w\" sizes=\"(max-width: 435px) 100vw, 435px\" \/>\t\t\t\t\t\t\t\t\t\t\t\t\t\t\t<\/div>\n\t\t\t\t<\/div>\n\t\t\t\t<div class=\"elementor-element elementor-element-34e1012 elementor-widget elementor-widget-heading\" data-id=\"34e1012\" data-element_type=\"widget\" data-e-type=\"widget\" data-widget_type=\"heading.default\">\n\t\t\t\t<div class=\"elementor-widget-container\">\n\t\t\t\t\t<h1 class=\"elementor-heading-title elementor-size-default\">CPIP<\/h1>\t\t\t\t<\/div>\n\t\t\t\t<\/div>\n\t\t\t\t<div class=\"elementor-element elementor-element-188c008 elementor-widget elementor-widget-text-editor\" data-id=\"188c008\" data-element_type=\"widget\" data-e-type=\"widget\" data-widget_type=\"text-editor.default\">\n\t\t\t\t<div class=\"elementor-widget-container\">\n\t\t\t\t\t\t\t\t\t<p>CPIP je neziskov\u00e1 instituce podporuj\u00edc\u00ed celo\u017eivotn\u00ed vzd\u011bl\u00e1v\u00e1n\u00ed a spole\u010denskou anga\u017eovanost. Po\u0159\u00e1d\u00e1 kurzy, semin\u00e1\u0159e a workshopy na m\u00edstn\u00ed i mezin\u00e1rodn\u00ed \u00farovni a rozv\u00edj\u00ed vzd\u011bl\u00e1vac\u00ed programy pro r\u016fzn\u00e9 komunity.<\/p>\t\t\t\t\t\t\t\t<\/div>\n\t\t\t\t<\/div>\n\t\t\t\t<\/div>\n\t\t<div class=\"elementor-element elementor-element-103eae0 e-con-full e-flex e-con e-child\" data-id=\"103eae0\" data-element_type=\"container\" data-e-type=\"container\">\n\t\t\t\t<div class=\"elementor-element elementor-element-759a5bd elementor-widget elementor-widget-image\" data-id=\"759a5bd\" data-element_type=\"widget\" data-e-type=\"widget\" data-widget_type=\"image.default\">\n\t\t\t\t<div class=\"elementor-widget-container\">\n\t\t\t\t\t\t\t\t\t\t\t\t\t\t\t<img loading=\"lazy\" decoding=\"async\" width=\"435\" height=\"242\" src=\"https:\/\/strongeryouth.eu\/wp-content\/uploads\/2024\/03\/Logo-3.png\" class=\"attachment-full size-full wp-image-573\" alt=\"\" srcset=\"https:\/\/strongeryouth.eu\/wp-content\/uploads\/2024\/03\/Logo-3.png 435w, https:\/\/strongeryouth.eu\/wp-content\/uploads\/2024\/03\/Logo-3-300x167.png 300w\" sizes=\"(max-width: 435px) 100vw, 435px\" \/>\t\t\t\t\t\t\t\t\t\t\t\t\t\t\t<\/div>\n\t\t\t\t<\/div>\n\t\t\t\t<div class=\"elementor-element elementor-element-8b27205 elementor-widget elementor-widget-heading\" data-id=\"8b27205\" data-element_type=\"widget\" data-e-type=\"widget\" data-widget_type=\"heading.default\">\n\t\t\t\t<div class=\"elementor-widget-container\">\n\t\t\t\t\t<h1 class=\"elementor-heading-title elementor-size-default\">PELICAN<\/h1>\t\t\t\t<\/div>\n\t\t\t\t<\/div>\n\t\t\t\t<div class=\"elementor-element elementor-element-b2750a9 elementor-widget elementor-widget-text-editor\" data-id=\"b2750a9\" data-element_type=\"widget\" data-e-type=\"widget\" data-widget_type=\"text-editor.default\">\n\t\t\t\t<div class=\"elementor-widget-container\">\n\t\t\t\t\t\t\t\t\t<p>Jazykov\u00e1 \u0161kola PELICAN se v\u011bnuje soci\u00e1ln\u00edm ot\u00e1zk\u00e1m, jako je vzd\u011bl\u00e1v\u00e1n\u00ed ml\u00e1de\u017ee, soci\u00e1ln\u00ed za\u010dle\u0148ov\u00e1n\u00ed a zahrani\u010dn\u00ed politika v \u010cesk\u00e9 republice. J\u0160 PELICAN \u010derp\u00e1 z v\u00edce ne\u017e patn\u00e1ctilet\u00fdch zku\u0161enost\u00ed, aktivn\u011b podporuje ob\u010danskou anga\u017eovanost a pod\u00edl\u00ed se na projektech financovan\u00fdch Evropskou komis\u00ed, kter\u00e9 pokr\u00fdvaj\u00ed r\u016fzn\u00e1 t\u00e9mata, jako je vzd\u011bl\u00e1v\u00e1n\u00ed, \u017eivotn\u00ed prost\u0159ed\u00ed a online vzd\u011bl\u00e1vac\u00ed n\u00e1stroje.<\/p>\t\t\t\t\t\t\t\t<\/div>\n\t\t\t\t<\/div>\n\t\t\t\t<\/div>\n\t\t<div class=\"elementor-element elementor-element-b370573 e-con-full e-flex e-con e-child\" data-id=\"b370573\" data-element_type=\"container\" data-e-type=\"container\">\n\t\t\t\t<div class=\"elementor-element elementor-element-99f43ce elementor-widget elementor-widget-image\" data-id=\"99f43ce\" data-element_type=\"widget\" data-e-type=\"widget\" data-widget_type=\"image.default\">\n\t\t\t\t<div class=\"elementor-widget-container\">\n\t\t\t\t\t\t\t\t\t\t\t\t\t\t\t<img loading=\"lazy\" decoding=\"async\" width=\"436\" height=\"242\" src=\"https:\/\/strongeryouth.eu\/wp-content\/uploads\/2024\/03\/Logo-4.png\" class=\"attachment-full size-full wp-image-580\" alt=\"\" srcset=\"https:\/\/strongeryouth.eu\/wp-content\/uploads\/2024\/03\/Logo-4.png 436w, https:\/\/strongeryouth.eu\/wp-content\/uploads\/2024\/03\/Logo-4-300x167.png 300w\" sizes=\"(max-width: 436px) 100vw, 436px\" \/>\t\t\t\t\t\t\t\t\t\t\t\t\t\t\t<\/div>\n\t\t\t\t<\/div>\n\t\t\t\t<div class=\"elementor-element elementor-element-28bd853 elementor-widget elementor-widget-heading\" data-id=\"28bd853\" data-element_type=\"widget\" data-e-type=\"widget\" data-widget_type=\"heading.default\">\n\t\t\t\t<div class=\"elementor-widget-container\">\n\t\t\t\t\t<h1 class=\"elementor-heading-title elementor-size-default\">FRAME<\/h1>\t\t\t\t<\/div>\n\t\t\t\t<\/div>\n\t\t\t\t<div class=\"elementor-element elementor-element-d531593 elementor-widget elementor-widget-text-editor\" data-id=\"d531593\" data-element_type=\"widget\" data-e-type=\"widget\" data-widget_type=\"text-editor.default\">\n\t\t\t\t<div class=\"elementor-widget-container\">\n\t\t\t\t\t\t\t\t\t<p>Nadace pro rozvoj mezin\u00e1rodn\u00edch a vzd\u011bl\u00e1vac\u00edch aktivit \u2013 c\u00edlem je rozv\u00edjet a podporovat mezin\u00e1rodn\u00ed spolupr\u00e1ci m\u00edstn\u00edch komunit podporuj\u00edc\u00edch vzd\u011bl\u00e1v\u00e1n\u00ed, odbornou \u010dinnost a blaho ob\u010dan\u016f. S\u00eddl\u00ed v Polsku a statut\u00e1rn\u00ed c\u00edle realizuje d\u00edky rozvoji mezin\u00e1rodn\u00ed, n\u00e1rodn\u00ed a m\u00edstn\u00ed spolupr\u00e1ce \u0161iroce pojat\u00e9ho spole\u010densk\u00e9ho charakteru, podpo\u0159e evropsk\u00e9 integrace, aktivn\u00ed spolupr\u00e1ci p\u0159i rozvoji ob\u010dansk\u00e9 spole\u010dnosti a kultury demokracie a v\u011bdeck\u00e9, vzd\u011bl\u00e1vac\u00ed a kulturn\u00ed \u010dinnosti.<\/p>\t\t\t\t\t\t\t\t<\/div>\n\t\t\t\t<\/div>\n\t\t\t\t<\/div>\n\t\t<div class=\"elementor-element elementor-element-1380873 e-con-full e-flex e-con e-child\" data-id=\"1380873\" data-element_type=\"container\" data-e-type=\"container\">\n\t\t\t\t<div class=\"elementor-element elementor-element-4d175c9 elementor-widget elementor-widget-image\" data-id=\"4d175c9\" data-element_type=\"widget\" data-e-type=\"widget\" data-widget_type=\"image.default\">\n\t\t\t\t<div class=\"elementor-widget-container\">\n\t\t\t\t\t\t\t\t\t\t\t\t\t\t\t<img loading=\"lazy\" decoding=\"async\" width=\"435\" height=\"242\" src=\"https:\/\/strongeryouth.eu\/wp-content\/uploads\/2024\/03\/Logo-5.png\" class=\"attachment-full size-full wp-image-587\" alt=\"\" srcset=\"https:\/\/strongeryouth.eu\/wp-content\/uploads\/2024\/03\/Logo-5.png 435w, https:\/\/strongeryouth.eu\/wp-content\/uploads\/2024\/03\/Logo-5-300x167.png 300w\" sizes=\"(max-width: 435px) 100vw, 435px\" \/>\t\t\t\t\t\t\t\t\t\t\t\t\t\t\t<\/div>\n\t\t\t\t<\/div>\n\t\t\t\t<div class=\"elementor-element elementor-element-baffab9 elementor-widget elementor-widget-heading\" data-id=\"baffab9\" data-element_type=\"widget\" data-e-type=\"widget\" data-widget_type=\"heading.default\">\n\t\t\t\t<div class=\"elementor-widget-container\">\n\t\t\t\t\t<h1 class=\"elementor-heading-title elementor-size-default\">University of Evora<\/h1>\t\t\t\t<\/div>\n\t\t\t\t<\/div>\n\t\t\t\t<div class=\"elementor-element elementor-element-72d08ef elementor-widget elementor-widget-text-editor\" data-id=\"72d08ef\" data-element_type=\"widget\" data-e-type=\"widget\" data-widget_type=\"text-editor.default\">\n\t\t\t\t<div class=\"elementor-widget-container\">\n\t\t\t\t\t\t\t\t\t<p>Univerzita v \u00c9vo\u0159e m\u00e1 p\u011bt fakult (um\u011bleck\u00e1, v\u011bdecko-technick\u00e1, spole\u010denskov\u011bdn\u00ed, l\u00e9ka\u0159sk\u00e1 a psychologick\u00e1), kter\u00e9 nab\u00edzej\u00ed bakal\u00e1\u0159sk\u00e9 a magistersk\u00e9 obory. Univerzita je sou\u010d\u00e1st\u00ed n\u00e1rodn\u00edho pl\u00e1nu v\u00fdzkumn\u00fdch infrastruktur a spolupracuje s komunitou prost\u0159ednictv\u00edm r\u016fzn\u00fdch partnerstv\u00ed. Mezi oblasti v\u00fdzkumu pat\u0159\u00ed mimo jin\u00e9 psychologie, vzd\u011bl\u00e1v\u00e1n\u00ed, agronomie, biodiverzita, ekonomie, informatika a zdravotnictv\u00ed.<\/p>\t\t\t\t\t\t\t\t<\/div>\n\t\t\t\t<\/div>\n\t\t\t\t<\/div>\n\t\t<div class=\"elementor-element elementor-element-6807628 e-con-full e-flex e-con e-child\" data-id=\"6807628\" data-element_type=\"container\" data-e-type=\"container\">\n\t\t\t\t<div class=\"elementor-element elementor-element-60dfe90 elementor-widget elementor-widget-image\" data-id=\"60dfe90\" data-element_type=\"widget\" data-e-type=\"widget\" data-widget_type=\"image.default\">\n\t\t\t\t<div class=\"elementor-widget-container\">\n\t\t\t\t\t\t\t\t\t\t\t\t\t\t\t<img loading=\"lazy\" decoding=\"async\" width=\"436\" height=\"242\" src=\"https:\/\/strongeryouth.eu\/wp-content\/uploads\/2024\/03\/Logo7.png\" class=\"attachment-full size-full wp-image-601\" alt=\"\" srcset=\"https:\/\/strongeryouth.eu\/wp-content\/uploads\/2024\/03\/Logo7.png 436w, https:\/\/strongeryouth.eu\/wp-content\/uploads\/2024\/03\/Logo7-300x167.png 300w\" sizes=\"(max-width: 436px) 100vw, 436px\" \/>\t\t\t\t\t\t\t\t\t\t\t\t\t\t\t<\/div>\n\t\t\t\t<\/div>\n\t\t\t\t<div class=\"elementor-element elementor-element-7a62006 elementor-widget elementor-widget-heading\" data-id=\"7a62006\" data-element_type=\"widget\" data-e-type=\"widget\" data-widget_type=\"heading.default\">\n\t\t\t\t<div class=\"elementor-widget-container\">\n\t\t\t\t\t<h1 class=\"elementor-heading-title elementor-size-default\">Innohub<\/h1>\t\t\t\t<\/div>\n\t\t\t\t<\/div>\n\t\t\t\t<div class=\"elementor-element elementor-element-7addcc4 elementor-widget elementor-widget-text-editor\" data-id=\"7addcc4\" data-element_type=\"widget\" data-e-type=\"widget\" data-widget_type=\"text-editor.default\">\n\t\t\t\t<div class=\"elementor-widget-container\">\n\t\t\t\t\t\t\t\t\t<p>Valencia INNO HUB je neziskov\u00e9 sdru\u017een\u00ed zapsan\u00e9 v n\u00e1rodn\u00edm rejst\u0159\u00edku sdru\u017een\u00ed.<\/p><p>Jeho c\u00edlem je spojovat talenty a technologie. Za t\u00edmto \u00fa\u010delem se zavazujeme podporovat podnik\u00e1n\u00ed prost\u0159ednictv\u00edm akc\u00ed, kter\u00e9 podporuj\u00ed vytv\u00e1\u0159en\u00ed ekosyst\u00e9mu p\u0159\u00edzniv\u00e9ho pro vytv\u00e1\u0159en\u00ed technologi\u00ed a znalost\u00ed, a t\u00edm podporuj\u00ed vznik spole\u010dnost\u00ed zalo\u017een\u00fdch na technologi\u00edch.<\/p>\t\t\t\t\t\t\t\t<\/div>\n\t\t\t\t<\/div>\n\t\t\t\t<\/div>\n\t\t\t\t\t<\/div>\n\t\t\t\t<\/div>\n\t\t\t\t\t<\/div>\n\t\t\t\t<\/div>\n\t\t\t\t<\/div>\n\t\t","protected":false},"excerpt":{"rendered":"<p>O projektu Projekt zd\u016fraz\u0148uje nal\u00e9havost \u0159e\u0161en\u00ed ot\u00e1zky du\u0161evn\u00edho zdrav\u00ed mlad\u00fdch lid\u00ed, kter\u00e1 je pova\u017eov\u00e1na za jeden z nejv\u00fdznamn\u011bj\u0161\u00edch probl\u00e9m\u016f sou\u010dasn\u00e9ho sv\u011bta. Je z\u0159ejm\u00e9, jak jevy, jako jsou ekonomick\u00e9 zm\u011bny, pandemie COVID-19 a dal\u0161\u00ed krize, zvy\u0161uj\u00ed du\u0161evn\u00ed obt\u00ed\u017ee mlad\u00fdch lid\u00ed, co\u017e vede k n\u00e1r\u016fstu \u00fazkosti, depres\u00ed a pokus\u016f o sebevra\u017edu. Projekt Stronger Youth se zab\u00fdv\u00e1 ot\u00e1zkami [&hellip;]<\/p>\n","protected":false},"author":2,"featured_media":0,"parent":0,"menu_order":0,"comment_status":"closed","ping_status":"closed","template":"","meta":{"_monsterinsights_skip_tracking":false,"_monsterinsights_sitenote_active":false,"_monsterinsights_sitenote_note":"","_monsterinsights_sitenote_category":0,"footnotes":""},"class_list":["post-1086","page","type-page","status-publish","hentry"],"_links":{"self":[{"href":"https:\/\/strongeryouth.eu\/cs\/wp-json\/wp\/v2\/pages\/1086","targetHints":{"allow":["GET"]}}],"collection":[{"href":"https:\/\/strongeryouth.eu\/cs\/wp-json\/wp\/v2\/pages"}],"about":[{"href":"https:\/\/strongeryouth.eu\/cs\/wp-json\/wp\/v2\/types\/page"}],"author":[{"embeddable":true,"href":"https:\/\/strongeryouth.eu\/cs\/wp-json\/wp\/v2\/users\/2"}],"replies":[{"embeddable":true,"href":"https:\/\/strongeryouth.eu\/cs\/wp-json\/wp\/v2\/comments?post=1086"}],"version-history":[{"count":4,"href":"https:\/\/strongeryouth.eu\/cs\/wp-json\/wp\/v2\/pages\/1086\/revisions"}],"predecessor-version":[{"id":1113,"href":"https:\/\/strongeryouth.eu\/cs\/wp-json\/wp\/v2\/pages\/1086\/revisions\/1113"}],"wp:attachment":[{"href":"https:\/\/strongeryouth.eu\/cs\/wp-json\/wp\/v2\/media?parent=1086"}],"curies":[{"name":"wp","href":"https:\/\/api.w.org\/{rel}","templated":true}]}}