{"id":991,"date":"2024-03-15T08:34:22","date_gmt":"2024-03-15T08:34:22","guid":{"rendered":"https:\/\/strongeryouth.eu\/?page_id=991"},"modified":"2024-05-21T09:27:59","modified_gmt":"2024-05-21T09:27:59","slug":"contexto","status":"publish","type":"page","link":"https:\/\/strongeryouth.eu\/es\/contexto\/","title":{"rendered":"Contexto"},"content":{"rendered":"\t\t<div data-elementor-type=\"wp-page\" data-elementor-id=\"991\" class=\"elementor elementor-991 elementor-29\" data-elementor-post-type=\"page\">\n\t\t\t\t<div class=\"elementor-element elementor-element-bcbd93b e-flex e-con-boxed e-con e-parent\" data-id=\"bcbd93b\" data-element_type=\"container\">\n\t\t\t\t\t<div class=\"e-con-inner\">\n\t\t<div class=\"elementor-element elementor-element-bf3e8eb e-con-full e-flex e-con e-child\" data-id=\"bf3e8eb\" data-element_type=\"container\">\n\t\t\t\t<div class=\"elementor-element elementor-element-0944441 elementor-widget elementor-widget-heading\" data-id=\"0944441\" data-element_type=\"widget\" data-widget_type=\"heading.default\">\n\t\t\t\t<div class=\"elementor-widget-container\">\n\t\t\t<h1 class=\"elementor-heading-title elementor-size-default\">Contexto<\/h1>\t\t<\/div>\n\t\t\t\t<\/div>\n\t\t\t\t<div class=\"elementor-element elementor-element-837ab06 elementor-widget-divider--view-line elementor-widget elementor-widget-divider\" data-id=\"837ab06\" data-element_type=\"widget\" data-widget_type=\"divider.default\">\n\t\t\t\t<div class=\"elementor-widget-container\">\n\t\t\t\t\t<div class=\"elementor-divider\">\n\t\t\t<span class=\"elementor-divider-separator\">\n\t\t\t\t\t\t<\/span>\n\t\t<\/div>\n\t\t\t\t<\/div>\n\t\t\t\t<\/div>\n\t\t\t\t<div class=\"elementor-element elementor-element-acce0e4 elementor-widget elementor-widget-text-editor\" data-id=\"acce0e4\" data-element_type=\"widget\" data-widget_type=\"text-editor.default\">\n\t\t\t\t<div class=\"elementor-widget-container\">\n\t\t\t\t\t\t\t<p>El proyecto pone de relieve la urgencia de abordar la cuesti\u00f3n de la salud mental entre los j\u00f3venes, considerada uno de los retos m\u00e1s importantes del mundo contempor\u00e1neo. Es evidente c\u00f3mo fen\u00f3menos como los cambios econ\u00f3micos, la pandemia del COVID-19 y otras crisis han incrementado las dificultades mentales de los j\u00f3venes, provocando un aumento de la ansiedad, la depresi\u00f3n y los intentos de suicidio.<\/p><p>El proyecto Stronger Youth aborda los problemas de salud mental y resiliencia de los j\u00f3venes a escala mundial. Permite a las instituciones asociadas mejorar sus actividades en \u00e1mbitos como la resiliencia juvenil, la prevenci\u00f3n de la exclusi\u00f3n social y la comunicaci\u00f3n con los j\u00f3venes. Cada pa\u00eds socio se beneficia de forma \u00fanica, con resultados potenciales que incluyen la mejora de los esfuerzos de inclusi\u00f3n social en Italia, un mayor compromiso con los j\u00f3venes en situaci\u00f3n de riesgo en Ruman\u00eda, y el fortalecimiento de las actividades preventivas de salud mental en Portugal, la Rep\u00fablica Checa y Espa\u00f1a.<\/p>\t\t\t\t\t\t<\/div>\n\t\t\t\t<\/div>\n\t\t\t\t<\/div>\n\t\t<div class=\"elementor-element elementor-element-8d46c34 e-con-full e-flex e-con e-child\" data-id=\"8d46c34\" data-element_type=\"container\" data-settings=\"{&quot;background_background&quot;:&quot;classic&quot;}\">\n\t\t\t\t<div class=\"elementor-element elementor-element-ca53ebd elementor-widget elementor-widget-image\" data-id=\"ca53ebd\" data-element_type=\"widget\" data-widget_type=\"image.default\">\n\t\t\t\t<div class=\"elementor-widget-container\">\n\t\t\t\t\t\t\t\t\t\t\t\t\t<img fetchpriority=\"high\" decoding=\"async\" width=\"673\" height=\"689\" src=\"https:\/\/strongeryouth.eu\/wp-content\/uploads\/2024\/03\/R-1-1.jpg\" class=\"attachment-full size-full wp-image-519\" alt=\"\" srcset=\"https:\/\/strongeryouth.eu\/wp-content\/uploads\/2024\/03\/R-1-1.jpg 673w, https:\/\/strongeryouth.eu\/wp-content\/uploads\/2024\/03\/R-1-1-293x300.jpg 293w\" sizes=\"(max-width: 673px) 100vw, 673px\" \/>\t\t\t\t\t\t\t\t\t\t\t\t\t<\/div>\n\t\t\t\t<\/div>\n\t\t\t\t<\/div>\n\t\t\t\t\t<\/div>\n\t\t\t\t<\/div>\n\t\t<div class=\"elementor-element elementor-element-ec3d999 e-flex e-con-boxed e-con e-parent\" data-id=\"ec3d999\" data-element_type=\"container\" id=\"objectives\" data-settings=\"{&quot;background_background&quot;:&quot;classic&quot;}\">\n\t\t\t\t\t<div class=\"e-con-inner\">\n\t\t<div class=\"elementor-element elementor-element-8543a2f e-con-full e-flex e-con e-child\" data-id=\"8543a2f\" data-element_type=\"container\" data-settings=\"{&quot;background_background&quot;:&quot;classic&quot;}\">\n\t\t<div class=\"elementor-element elementor-element-653623f e-con-full e-flex e-con e-child\" data-id=\"653623f\" data-element_type=\"container\">\n\t\t\t\t<div class=\"elementor-element elementor-element-a689986 elementor-widget elementor-widget-heading\" data-id=\"a689986\" data-element_type=\"widget\" data-widget_type=\"heading.default\">\n\t\t\t\t<div class=\"elementor-widget-container\">\n\t\t\t<h1 class=\"elementor-heading-title elementor-size-default\">Objetivos<\/h1>\t\t<\/div>\n\t\t\t\t<\/div>\n\t\t<div class=\"elementor-element elementor-element-aba28ba e-con-full e-flex e-con e-child\" data-id=\"aba28ba\" data-element_type=\"container\">\n\t\t\t\t<div class=\"elementor-element elementor-element-373c4d8 elementor-widget__width-initial elementor-widget elementor-widget-image\" data-id=\"373c4d8\" data-element_type=\"widget\" data-widget_type=\"image.default\">\n\t\t\t\t<div class=\"elementor-widget-container\">\n\t\t\t\t\t\t\t\t\t\t\t\t\t<img decoding=\"async\" width=\"127\" height=\"100\" src=\"https:\/\/strongeryouth.eu\/wp-content\/uploads\/2024\/03\/Number.svg\" class=\"attachment-large size-large wp-image-547\" alt=\"\" \/>\t\t\t\t\t\t\t\t\t\t\t\t\t<\/div>\n\t\t\t\t<\/div>\n\t\t\t\t<div class=\"elementor-element elementor-element-b335e88 elementor-widget elementor-widget-text-editor\" data-id=\"b335e88\" data-element_type=\"widget\" data-widget_type=\"text-editor.default\">\n\t\t\t\t<div class=\"elementor-widget-container\">\n\t\t\t\t\t\t\t<p>Promover habilidades socioemocionales en adolescentes en riesgo de depresi\u00f3n o exclusi\u00f3n social, a trav\u00e9s de relaciones de tutor\u00eda con iguales.<\/p>\t\t\t\t\t\t<\/div>\n\t\t\t\t<\/div>\n\t\t\t\t<\/div>\n\t\t<div class=\"elementor-element elementor-element-33d0c1c e-con-full e-flex e-con e-child\" data-id=\"33d0c1c\" data-element_type=\"container\">\n\t\t\t\t<div class=\"elementor-element elementor-element-1019b28 elementor-widget__width-initial elementor-widget elementor-widget-image\" data-id=\"1019b28\" data-element_type=\"widget\" data-widget_type=\"image.default\">\n\t\t\t\t<div class=\"elementor-widget-container\">\n\t\t\t\t\t\t\t\t\t\t\t\t\t<img decoding=\"async\" width=\"127\" height=\"101\" src=\"https:\/\/strongeryouth.eu\/wp-content\/uploads\/2024\/03\/Number-1.svg\" class=\"attachment-large size-large wp-image-533\" alt=\"\" \/>\t\t\t\t\t\t\t\t\t\t\t\t\t<\/div>\n\t\t\t\t<\/div>\n\t\t\t\t<div class=\"elementor-element elementor-element-b1cfa72 elementor-widget elementor-widget-text-editor\" data-id=\"b1cfa72\" data-element_type=\"widget\" data-widget_type=\"text-editor.default\">\n\t\t\t\t<div class=\"elementor-widget-container\">\n\t\t\t\t\t\t\t<p>Construir un programa de tutor\u00eda entre iguales como intervenci\u00f3n preventiva de problemas de salud mental e inclusi\u00f3n para adolescentes.<\/p>\t\t\t\t\t\t<\/div>\n\t\t\t\t<\/div>\n\t\t\t\t<\/div>\n\t\t\t\t<\/div>\n\t\t<div class=\"elementor-element elementor-element-b9c9365 e-con-full elementor-hidden-tablet elementor-hidden-mobile e-flex e-con e-child\" data-id=\"b9c9365\" data-element_type=\"container\">\n\t\t\t\t<\/div>\n\t\t\t\t<\/div>\n\t\t\t\t\t<\/div>\n\t\t\t\t<\/div>\n\t\t<div class=\"elementor-element elementor-element-4c9a189 e-flex e-con-boxed e-con e-parent\" data-id=\"4c9a189\" data-element_type=\"container\" id=\"partners\" data-settings=\"{&quot;background_background&quot;:&quot;classic&quot;}\">\n\t\t\t\t\t<div class=\"e-con-inner\">\n\t\t\t\t<div class=\"elementor-element elementor-element-b6f70c7 elementor-widget elementor-widget-heading\" data-id=\"b6f70c7\" data-element_type=\"widget\" data-widget_type=\"heading.default\">\n\t\t\t\t<div class=\"elementor-widget-container\">\n\t\t\t<h1 class=\"elementor-heading-title elementor-size-default\">Socios<\/h1>\t\t<\/div>\n\t\t\t\t<\/div>\n\t\t<div class=\"elementor-element elementor-element-1399fae e-flex e-con-boxed e-con e-child\" data-id=\"1399fae\" data-element_type=\"container\">\n\t\t\t\t\t<div class=\"e-con-inner\">\n\t\t<div class=\"elementor-element elementor-element-b0615c2 e-con-full e-flex e-con e-child\" data-id=\"b0615c2\" data-element_type=\"container\">\n\t\t\t\t<div class=\"elementor-element elementor-element-29e365c elementor-widget elementor-widget-image\" data-id=\"29e365c\" data-element_type=\"widget\" data-widget_type=\"image.default\">\n\t\t\t\t<div class=\"elementor-widget-container\">\n\t\t\t\t\t\t\t\t\t\t\t\t\t<img loading=\"lazy\" decoding=\"async\" width=\"435\" height=\"242\" src=\"https:\/\/strongeryouth.eu\/wp-content\/uploads\/2024\/03\/Logo.png\" class=\"attachment-full size-full wp-image-593\" alt=\"\" srcset=\"https:\/\/strongeryouth.eu\/wp-content\/uploads\/2024\/03\/Logo.png 435w, https:\/\/strongeryouth.eu\/wp-content\/uploads\/2024\/03\/Logo-300x167.png 300w\" sizes=\"(max-width: 435px) 100vw, 435px\" \/>\t\t\t\t\t\t\t\t\t\t\t\t\t<\/div>\n\t\t\t\t<\/div>\n\t\t\t\t<div class=\"elementor-element elementor-element-6e3843d elementor-widget elementor-widget-heading\" data-id=\"6e3843d\" data-element_type=\"widget\" data-widget_type=\"heading.default\">\n\t\t\t\t<div class=\"elementor-widget-container\">\n\t\t\t<h1 class=\"elementor-heading-title elementor-size-default\">PRISM<\/h1>\t\t<\/div>\n\t\t\t\t<\/div>\n\t\t\t\t<div class=\"elementor-element elementor-element-77de739 elementor-widget elementor-widget-text-editor\" data-id=\"77de739\" data-element_type=\"widget\" data-widget_type=\"text-editor.default\">\n\t\t\t\t<div class=\"elementor-widget-container\">\n\t\t\t\t\t\t\t<p>PRISM Impresa Sociale s.r.l. ofrece un espacio de codise\u00f1o, abierto tanto a agentes p\u00fablicos como privados, para el desarrollo de estrategias e intervenciones de mejora destinadas a valorizar el potencial y los recursos sociales, culturales y econ\u00f3micos de las comunidades locales desde una perspectiva internacional.<\/p>\t\t\t\t\t\t<\/div>\n\t\t\t\t<\/div>\n\t\t\t\t<\/div>\n\t\t<div class=\"elementor-element elementor-element-1a3f4d6 e-con-full e-flex e-con e-child\" data-id=\"1a3f4d6\" data-element_type=\"container\">\n\t\t\t\t<div class=\"elementor-element elementor-element-770cab0 elementor-widget elementor-widget-image\" data-id=\"770cab0\" data-element_type=\"widget\" data-widget_type=\"image.default\">\n\t\t\t\t<div class=\"elementor-widget-container\">\n\t\t\t\t\t\t\t\t\t\t\t\t\t<img loading=\"lazy\" decoding=\"async\" width=\"436\" height=\"242\" src=\"https:\/\/strongeryouth.eu\/wp-content\/uploads\/2024\/03\/Logo-1.png\" class=\"attachment-full size-full wp-image-558\" alt=\"\" srcset=\"https:\/\/strongeryouth.eu\/wp-content\/uploads\/2024\/03\/Logo-1.png 436w, https:\/\/strongeryouth.eu\/wp-content\/uploads\/2024\/03\/Logo-1-300x167.png 300w\" sizes=\"(max-width: 436px) 100vw, 436px\" \/>\t\t\t\t\t\t\t\t\t\t\t\t\t<\/div>\n\t\t\t\t<\/div>\n\t\t\t\t<div class=\"elementor-element elementor-element-ce52139 elementor-widget elementor-widget-heading\" data-id=\"ce52139\" data-element_type=\"widget\" data-widget_type=\"heading.default\">\n\t\t\t\t<div class=\"elementor-widget-container\">\n\t\t\t<h1 class=\"elementor-heading-title elementor-size-default\">VITECO<\/h1>\t\t<\/div>\n\t\t\t\t<\/div>\n\t\t\t\t<div class=\"elementor-element elementor-element-46086db elementor-widget elementor-widget-text-editor\" data-id=\"46086db\" data-element_type=\"widget\" data-widget_type=\"text-editor.default\">\n\t\t\t\t<div class=\"elementor-widget-container\">\n\t\t\t\t\t\t\t<p>VITECO e-learning solutions ofrece soporte tecnol\u00f3gico, dise\u00f1o de juegos serios y conversi\u00f3n de formatos SCORM para instituciones de formaci\u00f3n, escuelas y empresas. Apuesta por la sencillez y la usabilidad, haciendo que el aprendizaje a distancia sea agradable.<\/p>\t\t\t\t\t\t<\/div>\n\t\t\t\t<\/div>\n\t\t\t\t<\/div>\n\t\t<div class=\"elementor-element elementor-element-526990c e-con-full e-flex e-con e-child\" data-id=\"526990c\" data-element_type=\"container\">\n\t\t\t\t<div class=\"elementor-element elementor-element-690e097 elementor-widget elementor-widget-image\" data-id=\"690e097\" data-element_type=\"widget\" data-widget_type=\"image.default\">\n\t\t\t\t<div class=\"elementor-widget-container\">\n\t\t\t\t\t\t\t\t\t\t\t\t\t<img loading=\"lazy\" decoding=\"async\" width=\"435\" height=\"242\" src=\"https:\/\/strongeryouth.eu\/wp-content\/uploads\/2024\/03\/Logo-2.png\" class=\"attachment-full size-full wp-image-565\" alt=\"\" srcset=\"https:\/\/strongeryouth.eu\/wp-content\/uploads\/2024\/03\/Logo-2.png 435w, https:\/\/strongeryouth.eu\/wp-content\/uploads\/2024\/03\/Logo-2-300x167.png 300w\" sizes=\"(max-width: 435px) 100vw, 435px\" \/>\t\t\t\t\t\t\t\t\t\t\t\t\t<\/div>\n\t\t\t\t<\/div>\n\t\t\t\t<div class=\"elementor-element elementor-element-34e1012 elementor-widget elementor-widget-heading\" data-id=\"34e1012\" data-element_type=\"widget\" data-widget_type=\"heading.default\">\n\t\t\t\t<div class=\"elementor-widget-container\">\n\t\t\t<h1 class=\"elementor-heading-title elementor-size-default\">CPIP<\/h1>\t\t<\/div>\n\t\t\t\t<\/div>\n\t\t\t\t<div class=\"elementor-element elementor-element-188c008 elementor-widget elementor-widget-text-editor\" data-id=\"188c008\" data-element_type=\"widget\" data-widget_type=\"text-editor.default\">\n\t\t\t\t<div class=\"elementor-widget-container\">\n\t\t\t\t\t\t\t<p>CPIP es una instituci\u00f3n sin \u00e1nimo de lucro que promueve el aprendizaje permanente y el compromiso social. Organiza clases, seminarios y talleres a escala local e internacional, y desarrolla programas educativos para diversas comunidades.<\/p>\t\t\t\t\t\t<\/div>\n\t\t\t\t<\/div>\n\t\t\t\t<\/div>\n\t\t<div class=\"elementor-element elementor-element-103eae0 e-con-full e-flex e-con e-child\" data-id=\"103eae0\" data-element_type=\"container\">\n\t\t\t\t<div class=\"elementor-element elementor-element-759a5bd elementor-widget elementor-widget-image\" data-id=\"759a5bd\" data-element_type=\"widget\" data-widget_type=\"image.default\">\n\t\t\t\t<div class=\"elementor-widget-container\">\n\t\t\t\t\t\t\t\t\t\t\t\t\t<img loading=\"lazy\" decoding=\"async\" width=\"435\" height=\"242\" src=\"https:\/\/strongeryouth.eu\/wp-content\/uploads\/2024\/03\/Logo-3.png\" class=\"attachment-full size-full wp-image-572\" alt=\"\" srcset=\"https:\/\/strongeryouth.eu\/wp-content\/uploads\/2024\/03\/Logo-3.png 435w, https:\/\/strongeryouth.eu\/wp-content\/uploads\/2024\/03\/Logo-3-300x167.png 300w\" sizes=\"(max-width: 435px) 100vw, 435px\" \/>\t\t\t\t\t\t\t\t\t\t\t\t\t<\/div>\n\t\t\t\t<\/div>\n\t\t\t\t<div class=\"elementor-element elementor-element-8b27205 elementor-widget elementor-widget-heading\" data-id=\"8b27205\" data-element_type=\"widget\" data-widget_type=\"heading.default\">\n\t\t\t\t<div class=\"elementor-widget-container\">\n\t\t\t<h1 class=\"elementor-heading-title elementor-size-default\">PELICAN<\/h1>\t\t<\/div>\n\t\t\t\t<\/div>\n\t\t\t\t<div class=\"elementor-element elementor-element-b2750a9 elementor-widget elementor-widget-text-editor\" data-id=\"b2750a9\" data-element_type=\"widget\" data-widget_type=\"text-editor.default\">\n\t\t\t\t<div class=\"elementor-widget-container\">\n\t\t\t\t\t\t\t<p>PELICAN se dedica a abordar cuestiones sociales como la educaci\u00f3n de los j\u00f3venes, la inclusi\u00f3n social y la pol\u00edtica exterior en la Rep\u00fablica Checa. Con m\u00e1s de 15 a\u00f1os de experiencia, LS PELICAN promueve activamente el compromiso c\u00edvico y participa en proyectos financiados por la Comisi\u00f3n Europea que abarcan diversos temas, como la educaci\u00f3n, el medio ambiente y las herramientas de aprendizaje en l\u00ednea.<\/p>\t\t\t\t\t\t<\/div>\n\t\t\t\t<\/div>\n\t\t\t\t<\/div>\n\t\t<div class=\"elementor-element elementor-element-b370573 e-con-full e-flex e-con e-child\" data-id=\"b370573\" data-element_type=\"container\">\n\t\t\t\t<div class=\"elementor-element elementor-element-99f43ce elementor-widget elementor-widget-image\" data-id=\"99f43ce\" data-element_type=\"widget\" data-widget_type=\"image.default\">\n\t\t\t\t<div class=\"elementor-widget-container\">\n\t\t\t\t\t\t\t\t\t\t\t\t\t<img loading=\"lazy\" decoding=\"async\" width=\"436\" height=\"242\" src=\"https:\/\/strongeryouth.eu\/wp-content\/uploads\/2024\/03\/Logo-4.png\" class=\"attachment-full size-full wp-image-579\" alt=\"\" srcset=\"https:\/\/strongeryouth.eu\/wp-content\/uploads\/2024\/03\/Logo-4.png 436w, https:\/\/strongeryouth.eu\/wp-content\/uploads\/2024\/03\/Logo-4-300x167.png 300w\" sizes=\"(max-width: 436px) 100vw, 436px\" \/>\t\t\t\t\t\t\t\t\t\t\t\t\t<\/div>\n\t\t\t\t<\/div>\n\t\t\t\t<div class=\"elementor-element elementor-element-28bd853 elementor-widget elementor-widget-heading\" data-id=\"28bd853\" data-element_type=\"widget\" data-widget_type=\"heading.default\">\n\t\t\t\t<div class=\"elementor-widget-container\">\n\t\t\t<h1 class=\"elementor-heading-title elementor-size-default\">FRAME<\/h1>\t\t<\/div>\n\t\t\t\t<\/div>\n\t\t\t\t<div class=\"elementor-element elementor-element-d531593 elementor-widget elementor-widget-text-editor\" data-id=\"d531593\" data-element_type=\"widget\" data-widget_type=\"text-editor.default\">\n\t\t\t\t<div class=\"elementor-widget-container\">\n\t\t\t\t\t\t\t<p>Fundaci\u00f3n para el Desarrollo de la Actividad Internacional y Educativa &#8211; tiene como objetivo desarrollar y promover la cooperaci\u00f3n internacional de las comunidades locales apoyando la educaci\u00f3n, la actividad profesional y el bienestar de los ciudadanos. Tiene su sede en Polonia y lleva a cabo los objetivos estatutarios gracias al desarrollo de la cooperaci\u00f3n internacional, nacional y local de car\u00e1cter social ampliamente entendido, apoyando la integraci\u00f3n europea, la cooperaci\u00f3n activa en el desarrollo de la sociedad civil y la cultura de la democracia, as\u00ed como actividades cient\u00edficas, educativas y culturales.<\/p>\t\t\t\t\t\t<\/div>\n\t\t\t\t<\/div>\n\t\t\t\t<\/div>\n\t\t<div class=\"elementor-element elementor-element-1380873 e-con-full e-flex e-con e-child\" data-id=\"1380873\" data-element_type=\"container\">\n\t\t\t\t<div class=\"elementor-element elementor-element-4d175c9 elementor-widget elementor-widget-image\" data-id=\"4d175c9\" data-element_type=\"widget\" data-widget_type=\"image.default\">\n\t\t\t\t<div class=\"elementor-widget-container\">\n\t\t\t\t\t\t\t\t\t\t\t\t\t<img loading=\"lazy\" decoding=\"async\" width=\"435\" height=\"242\" src=\"https:\/\/strongeryouth.eu\/wp-content\/uploads\/2024\/03\/Logo-5.png\" class=\"attachment-full size-full wp-image-586\" alt=\"\" srcset=\"https:\/\/strongeryouth.eu\/wp-content\/uploads\/2024\/03\/Logo-5.png 435w, https:\/\/strongeryouth.eu\/wp-content\/uploads\/2024\/03\/Logo-5-300x167.png 300w\" sizes=\"(max-width: 435px) 100vw, 435px\" \/>\t\t\t\t\t\t\t\t\t\t\t\t\t<\/div>\n\t\t\t\t<\/div>\n\t\t\t\t<div class=\"elementor-element elementor-element-baffab9 elementor-widget elementor-widget-heading\" data-id=\"baffab9\" data-element_type=\"widget\" data-widget_type=\"heading.default\">\n\t\t\t\t<div class=\"elementor-widget-container\">\n\t\t\t<h1 class=\"elementor-heading-title elementor-size-default\">University of Evora<\/h1>\t\t<\/div>\n\t\t\t\t<\/div>\n\t\t\t\t<div class=\"elementor-element elementor-element-72d08ef elementor-widget elementor-widget-text-editor\" data-id=\"72d08ef\" data-element_type=\"widget\" data-widget_type=\"text-editor.default\">\n\t\t\t\t<div class=\"elementor-widget-container\">\n\t\t\t\t\t\t\t<p>La Universidad de \u00c9vora cuenta con 5 facultades (Artes; Ciencias y Tecnolog\u00eda; Ciencias Sociales; Salud y Desarrollo Humano; y Enfermer\u00eda) que ofrecen numerosos cursos de licenciatura y posgrado. La universidad forma parte de la Hoja de Ruta Nacional de Infraestructuras de Investigaci\u00f3n y colabora con la comunidad a trav\u00e9s de diversas asociaciones. Las \u00e1reas de investigaci\u00f3n incluyen, entre otras, Psicolog\u00eda, Educaci\u00f3n, Agronom\u00eda, Biodiversidad, Econom\u00eda, Inform\u00e1tica y Salud.<\/p>\t\t\t\t\t\t<\/div>\n\t\t\t\t<\/div>\n\t\t\t\t<\/div>\n\t\t<div class=\"elementor-element elementor-element-6807628 e-con-full e-flex e-con e-child\" data-id=\"6807628\" data-element_type=\"container\">\n\t\t\t\t<div class=\"elementor-element elementor-element-60dfe90 elementor-widget elementor-widget-image\" data-id=\"60dfe90\" data-element_type=\"widget\" data-widget_type=\"image.default\">\n\t\t\t\t<div class=\"elementor-widget-container\">\n\t\t\t\t\t\t\t\t\t\t\t\t\t<img loading=\"lazy\" decoding=\"async\" width=\"436\" height=\"242\" src=\"https:\/\/strongeryouth.eu\/wp-content\/uploads\/2024\/03\/Logo7.png\" class=\"attachment-full size-full wp-image-600\" alt=\"\" srcset=\"https:\/\/strongeryouth.eu\/wp-content\/uploads\/2024\/03\/Logo7.png 436w, https:\/\/strongeryouth.eu\/wp-content\/uploads\/2024\/03\/Logo7-300x167.png 300w\" sizes=\"(max-width: 436px) 100vw, 436px\" \/>\t\t\t\t\t\t\t\t\t\t\t\t\t<\/div>\n\t\t\t\t<\/div>\n\t\t\t\t<div class=\"elementor-element elementor-element-7a62006 elementor-widget elementor-widget-heading\" data-id=\"7a62006\" data-element_type=\"widget\" data-widget_type=\"heading.default\">\n\t\t\t\t<div class=\"elementor-widget-container\">\n\t\t\t<h1 class=\"elementor-heading-title elementor-size-default\">Innohub<\/h1>\t\t<\/div>\n\t\t\t\t<\/div>\n\t\t\t\t<div class=\"elementor-element elementor-element-7addcc4 elementor-widget elementor-widget-text-editor\" data-id=\"7addcc4\" data-element_type=\"widget\" data-widget_type=\"text-editor.default\">\n\t\t\t\t<div class=\"elementor-widget-container\">\n\t\t\t\t\t\t\t<p>Valencia INNO HUB es una asociaci\u00f3n sin \u00e1nimo de lucro inscrita en el registro nacional de asociaciones.<\/p><p>Su objetivo es unir talento y tecnolog\u00eda. Para ello, nos comprometemos a promover el emprendimiento a trav\u00e9s de acciones que fomenten la creaci\u00f3n de un ecosistema propicio para la generaci\u00f3n de tecnolog\u00eda y conocimiento, favoreciendo as\u00ed la creaci\u00f3n de empresas de base tecnol\u00f3gica.<\/p>\t\t\t\t\t\t<\/div>\n\t\t\t\t<\/div>\n\t\t\t\t<\/div>\n\t\t\t\t\t<\/div>\n\t\t\t\t<\/div>\n\t\t\t\t\t<\/div>\n\t\t\t\t<\/div>\n\t\t\t\t<\/div>\n\t\t","protected":false},"excerpt":{"rendered":"<p>Contexto El proyecto pone de relieve la urgencia de abordar la cuesti\u00f3n de la salud mental entre los j\u00f3venes, considerada uno de los retos m\u00e1s importantes del mundo contempor\u00e1neo. Es evidente c\u00f3mo fen\u00f3menos como los cambios econ\u00f3micos, la pandemia del COVID-19 y otras crisis han incrementado las dificultades mentales de los j\u00f3venes, provocando un aumento [&hellip;]<\/p>\n","protected":false},"author":2,"featured_media":0,"parent":0,"menu_order":0,"comment_status":"closed","ping_status":"closed","template":"","meta":{"_monsterinsights_skip_tracking":false,"_monsterinsights_sitenote_active":false,"_monsterinsights_sitenote_note":"","_monsterinsights_sitenote_category":0,"footnotes":""},"class_list":["post-991","page","type-page","status-publish","hentry"],"_links":{"self":[{"href":"https:\/\/strongeryouth.eu\/es\/wp-json\/wp\/v2\/pages\/991","targetHints":{"allow":["GET"]}}],"collection":[{"href":"https:\/\/strongeryouth.eu\/es\/wp-json\/wp\/v2\/pages"}],"about":[{"href":"https:\/\/strongeryouth.eu\/es\/wp-json\/wp\/v2\/types\/page"}],"author":[{"embeddable":true,"href":"https:\/\/strongeryouth.eu\/es\/wp-json\/wp\/v2\/users\/2"}],"replies":[{"embeddable":true,"href":"https:\/\/strongeryouth.eu\/es\/wp-json\/wp\/v2\/comments?post=991"}],"version-history":[{"count":4,"href":"https:\/\/strongeryouth.eu\/es\/wp-json\/wp\/v2\/pages\/991\/revisions"}],"predecessor-version":[{"id":1026,"href":"https:\/\/strongeryouth.eu\/es\/wp-json\/wp\/v2\/pages\/991\/revisions\/1026"}],"wp:attachment":[{"href":"https:\/\/strongeryouth.eu\/es\/wp-json\/wp\/v2\/media?parent=991"}],"curies":[{"name":"wp","href":"https:\/\/api.w.org\/{rel}","templated":true}]}}