{"id":1140,"date":"2024-03-15T08:34:22","date_gmt":"2024-03-15T08:34:22","guid":{"rendered":"https:\/\/strongeryouth.eu\/?page_id=1140"},"modified":"2024-05-21T14:42:34","modified_gmt":"2024-05-21T14:42:34","slug":"kontekst","status":"publish","type":"page","link":"https:\/\/strongeryouth.eu\/pl\/kontekst\/","title":{"rendered":"Kontekst"},"content":{"rendered":"\t\t<div data-elementor-type=\"wp-page\" data-elementor-id=\"1140\" class=\"elementor elementor-1140 elementor-29\" data-elementor-post-type=\"page\">\n\t\t\t\t<div class=\"elementor-element elementor-element-bcbd93b e-flex e-con-boxed e-con e-parent\" data-id=\"bcbd93b\" data-element_type=\"container\">\n\t\t\t\t\t<div class=\"e-con-inner\">\n\t\t<div class=\"elementor-element elementor-element-bf3e8eb e-con-full e-flex e-con e-child\" data-id=\"bf3e8eb\" data-element_type=\"container\">\n\t\t\t\t<div class=\"elementor-element elementor-element-0944441 elementor-widget elementor-widget-heading\" data-id=\"0944441\" data-element_type=\"widget\" data-widget_type=\"heading.default\">\n\t\t\t\t<div class=\"elementor-widget-container\">\n\t\t\t<h1 class=\"elementor-heading-title elementor-size-default\">Kontekst<\/h1>\t\t<\/div>\n\t\t\t\t<\/div>\n\t\t\t\t<div class=\"elementor-element elementor-element-837ab06 elementor-widget-divider--view-line elementor-widget elementor-widget-divider\" data-id=\"837ab06\" data-element_type=\"widget\" data-widget_type=\"divider.default\">\n\t\t\t\t<div class=\"elementor-widget-container\">\n\t\t\t\t\t<div class=\"elementor-divider\">\n\t\t\t<span class=\"elementor-divider-separator\">\n\t\t\t\t\t\t<\/span>\n\t\t<\/div>\n\t\t\t\t<\/div>\n\t\t\t\t<\/div>\n\t\t\t\t<div class=\"elementor-element elementor-element-acce0e4 elementor-widget elementor-widget-text-editor\" data-id=\"acce0e4\" data-element_type=\"widget\" data-widget_type=\"text-editor.default\">\n\t\t\t\t<div class=\"elementor-widget-container\">\n\t\t\t\t\t\t\t<p>Projekt zajmuje si\u0119 pal\u0105c\u0105 kwesti\u0105 zdrowia psychicznego i odporno\u015bci m\u0142odzie\u017cy, maj\u0105c na celu zapobieganie zachowaniom depresyjnym i wykluczeniu spo\u0142ecznemu. Promuj\u0105c wsp\u00f3\u0142prac\u0119 r\u00f3wie\u015bnicz\u0105, przeciwdzia\u0142a postawom rywalizacji w\u015br\u00f3d m\u0142odzie\u017cy oraz wspiera solidarno\u015b\u0107 i wi\u0119zi spo\u0142eczne. Zaproponowana metodologia obejmuje r\u00f3\u017cne aspekty profilaktyki, w tym wsparcie zdrowia psychicznego, integracj\u0119 ekonomiczn\u0105 i mo\u017cliwo\u015bci edukacyjne. Promuje aktywne obywatelstwo i przedsi\u0119biorczo\u015b\u0107 spo\u0142eczn\u0105, podkre\u015blaj\u0105c jednocze\u015bnie wsp\u00f3lne warto\u015bci i zaanga\u017cowanie obywatelskie. Dzi\u0119ki kompleksowemu podej\u015bciu projekt ma na celu rozwijanie kluczowych kompetencji, promowanie integracji marginalizowanej m\u0142odzie\u017cy oraz promowanie r\u00f3wno\u015bci i braku dyskryminacji.<\/p>\t\t\t\t\t\t<\/div>\n\t\t\t\t<\/div>\n\t\t\t\t<\/div>\n\t\t<div class=\"elementor-element elementor-element-8d46c34 e-con-full e-flex e-con e-child\" data-id=\"8d46c34\" data-element_type=\"container\" data-settings=\"{&quot;background_background&quot;:&quot;classic&quot;}\">\n\t\t\t\t<div class=\"elementor-element elementor-element-ca53ebd elementor-widget elementor-widget-image\" data-id=\"ca53ebd\" data-element_type=\"widget\" data-widget_type=\"image.default\">\n\t\t\t\t<div class=\"elementor-widget-container\">\n\t\t\t\t\t\t\t\t\t\t\t\t\t<img fetchpriority=\"high\" decoding=\"async\" width=\"673\" height=\"689\" src=\"https:\/\/strongeryouth.eu\/wp-content\/uploads\/2024\/03\/R-1-1.jpg\" class=\"attachment-full size-full wp-image-519\" alt=\"\" srcset=\"https:\/\/strongeryouth.eu\/wp-content\/uploads\/2024\/03\/R-1-1.jpg 673w, https:\/\/strongeryouth.eu\/wp-content\/uploads\/2024\/03\/R-1-1-293x300.jpg 293w\" sizes=\"(max-width: 673px) 100vw, 673px\" \/>\t\t\t\t\t\t\t\t\t\t\t\t\t<\/div>\n\t\t\t\t<\/div>\n\t\t\t\t<\/div>\n\t\t\t\t\t<\/div>\n\t\t\t\t<\/div>\n\t\t<div class=\"elementor-element elementor-element-ec3d999 e-flex e-con-boxed e-con e-parent\" data-id=\"ec3d999\" data-element_type=\"container\" id=\"objectives\" data-settings=\"{&quot;background_background&quot;:&quot;classic&quot;}\">\n\t\t\t\t\t<div class=\"e-con-inner\">\n\t\t<div class=\"elementor-element elementor-element-8543a2f e-con-full e-flex e-con e-child\" data-id=\"8543a2f\" data-element_type=\"container\" data-settings=\"{&quot;background_background&quot;:&quot;classic&quot;}\">\n\t\t<div class=\"elementor-element elementor-element-653623f e-con-full e-flex e-con e-child\" data-id=\"653623f\" data-element_type=\"container\">\n\t\t\t\t<div class=\"elementor-element elementor-element-a689986 elementor-widget elementor-widget-heading\" data-id=\"a689986\" data-element_type=\"widget\" data-widget_type=\"heading.default\">\n\t\t\t\t<div class=\"elementor-widget-container\">\n\t\t\t<h1 class=\"elementor-heading-title elementor-size-default\">Cele<\/h1>\t\t<\/div>\n\t\t\t\t<\/div>\n\t\t<div class=\"elementor-element elementor-element-aba28ba e-con-full e-flex e-con e-child\" data-id=\"aba28ba\" data-element_type=\"container\">\n\t\t\t\t<div class=\"elementor-element elementor-element-373c4d8 elementor-widget__width-initial elementor-widget elementor-widget-image\" data-id=\"373c4d8\" data-element_type=\"widget\" data-widget_type=\"image.default\">\n\t\t\t\t<div class=\"elementor-widget-container\">\n\t\t\t\t\t\t\t\t\t\t\t\t\t<img decoding=\"async\" width=\"127\" height=\"100\" src=\"https:\/\/strongeryouth.eu\/wp-content\/uploads\/2024\/03\/Number.svg\" class=\"attachment-large size-large wp-image-547\" alt=\"\" \/>\t\t\t\t\t\t\t\t\t\t\t\t\t<\/div>\n\t\t\t\t<\/div>\n\t\t\t\t<div class=\"elementor-element elementor-element-b335e88 elementor-widget elementor-widget-text-editor\" data-id=\"b335e88\" data-element_type=\"widget\" data-widget_type=\"text-editor.default\">\n\t\t\t\t<div class=\"elementor-widget-container\">\n\t\t\t\t\t\t\t<p>Promowanie umiej\u0119tno\u015bci spo\u0142eczno-emocjonalnych u nastolatk\u00f3w zagro\u017conych depresj\u0105 lub wykluczeniem spo\u0142ecznym poprzez relacje mentorskie z r\u00f3wie\u015bnikami.<\/p>\t\t\t\t\t\t<\/div>\n\t\t\t\t<\/div>\n\t\t\t\t<\/div>\n\t\t<div class=\"elementor-element elementor-element-33d0c1c e-con-full e-flex e-con e-child\" data-id=\"33d0c1c\" data-element_type=\"container\">\n\t\t\t\t<div class=\"elementor-element elementor-element-1019b28 elementor-widget__width-initial elementor-widget elementor-widget-image\" data-id=\"1019b28\" data-element_type=\"widget\" data-widget_type=\"image.default\">\n\t\t\t\t<div class=\"elementor-widget-container\">\n\t\t\t\t\t\t\t\t\t\t\t\t\t<img decoding=\"async\" width=\"127\" height=\"101\" src=\"https:\/\/strongeryouth.eu\/wp-content\/uploads\/2024\/03\/Number-1.svg\" class=\"attachment-large size-large wp-image-533\" alt=\"\" \/>\t\t\t\t\t\t\t\t\t\t\t\t\t<\/div>\n\t\t\t\t<\/div>\n\t\t\t\t<div class=\"elementor-element elementor-element-b1cfa72 elementor-widget elementor-widget-text-editor\" data-id=\"b1cfa72\" data-element_type=\"widget\" data-widget_type=\"text-editor.default\">\n\t\t\t\t<div class=\"elementor-widget-container\">\n\t\t\t\t\t\t\t<p>Stworzenie programu mentoringu r\u00f3wie\u015bniczego jako interwencji prewencyjnej w zakresie zdrowia psychicznego i problem\u00f3w z integracj\u0105 w\u015br\u00f3d nastolatk\u00f3w.<\/p>\t\t\t\t\t\t<\/div>\n\t\t\t\t<\/div>\n\t\t\t\t<\/div>\n\t\t\t\t<\/div>\n\t\t<div class=\"elementor-element elementor-element-b9c9365 e-con-full elementor-hidden-tablet elementor-hidden-mobile e-flex e-con e-child\" data-id=\"b9c9365\" data-element_type=\"container\">\n\t\t\t\t<\/div>\n\t\t\t\t<\/div>\n\t\t\t\t\t<\/div>\n\t\t\t\t<\/div>\n\t\t<div class=\"elementor-element elementor-element-4c9a189 e-flex e-con-boxed e-con e-parent\" data-id=\"4c9a189\" data-element_type=\"container\" id=\"partners\" data-settings=\"{&quot;background_background&quot;:&quot;classic&quot;}\">\n\t\t\t\t\t<div class=\"e-con-inner\">\n\t\t\t\t<div class=\"elementor-element elementor-element-b6f70c7 elementor-widget elementor-widget-heading\" data-id=\"b6f70c7\" data-element_type=\"widget\" data-widget_type=\"heading.default\">\n\t\t\t\t<div class=\"elementor-widget-container\">\n\t\t\t<h1 class=\"elementor-heading-title elementor-size-default\">Partnerzy<\/h1>\t\t<\/div>\n\t\t\t\t<\/div>\n\t\t<div class=\"elementor-element elementor-element-1399fae e-flex e-con-boxed e-con e-child\" data-id=\"1399fae\" data-element_type=\"container\">\n\t\t\t\t\t<div class=\"e-con-inner\">\n\t\t<div class=\"elementor-element elementor-element-b0615c2 e-con-full e-flex e-con e-child\" data-id=\"b0615c2\" data-element_type=\"container\">\n\t\t\t\t<div class=\"elementor-element elementor-element-29e365c elementor-widget elementor-widget-image\" data-id=\"29e365c\" data-element_type=\"widget\" data-widget_type=\"image.default\">\n\t\t\t\t<div class=\"elementor-widget-container\">\n\t\t\t\t\t\t\t\t\t\t\t\t\t<img loading=\"lazy\" decoding=\"async\" width=\"435\" height=\"242\" src=\"https:\/\/strongeryouth.eu\/wp-content\/uploads\/2024\/03\/Logo.png\" class=\"attachment-full size-full wp-image-593\" alt=\"\" srcset=\"https:\/\/strongeryouth.eu\/wp-content\/uploads\/2024\/03\/Logo.png 435w, https:\/\/strongeryouth.eu\/wp-content\/uploads\/2024\/03\/Logo-300x167.png 300w\" sizes=\"(max-width: 435px) 100vw, 435px\" \/>\t\t\t\t\t\t\t\t\t\t\t\t\t<\/div>\n\t\t\t\t<\/div>\n\t\t\t\t<div class=\"elementor-element elementor-element-6e3843d elementor-widget elementor-widget-heading\" data-id=\"6e3843d\" data-element_type=\"widget\" data-widget_type=\"heading.default\">\n\t\t\t\t<div class=\"elementor-widget-container\">\n\t\t\t<h1 class=\"elementor-heading-title elementor-size-default\">PRISM<\/h1>\t\t<\/div>\n\t\t\t\t<\/div>\n\t\t\t\t<div class=\"elementor-element elementor-element-77de739 elementor-widget elementor-widget-text-editor\" data-id=\"77de739\" data-element_type=\"widget\" data-widget_type=\"text-editor.default\">\n\t\t\t\t<div class=\"elementor-widget-container\">\n\t\t\t\t\t\t\t<p>PRISM Impresa Sociale s.r.l. oferuje przestrze\u0144 do wsp\u00f3lnego dzia\u0142ania, otwart\u0105 zar\u00f3wno dla podmiot\u00f3w publicznych, jak i prywatnych, w celu opracowania strategii i dzia\u0142a\u0144 maj\u0105cych na celu waloryzacj\u0119 potencja\u0142u, zasob\u00f3w spo\u0142ecznych, kulturowych i gospodarczych spo\u0142eczno\u015bci lokalnych z perspektywy mi\u0119dzynarodowej.<\/p>\t\t\t\t\t\t<\/div>\n\t\t\t\t<\/div>\n\t\t\t\t<\/div>\n\t\t<div class=\"elementor-element elementor-element-1a3f4d6 e-con-full e-flex e-con e-child\" data-id=\"1a3f4d6\" data-element_type=\"container\">\n\t\t\t\t<div class=\"elementor-element elementor-element-770cab0 elementor-widget elementor-widget-image\" data-id=\"770cab0\" data-element_type=\"widget\" data-widget_type=\"image.default\">\n\t\t\t\t<div class=\"elementor-widget-container\">\n\t\t\t\t\t\t\t\t\t\t\t\t\t<img loading=\"lazy\" decoding=\"async\" width=\"436\" height=\"242\" src=\"https:\/\/strongeryouth.eu\/wp-content\/uploads\/2024\/03\/Logo-1.png\" class=\"attachment-full size-full wp-image-558\" alt=\"\" srcset=\"https:\/\/strongeryouth.eu\/wp-content\/uploads\/2024\/03\/Logo-1.png 436w, https:\/\/strongeryouth.eu\/wp-content\/uploads\/2024\/03\/Logo-1-300x167.png 300w\" sizes=\"(max-width: 436px) 100vw, 436px\" \/>\t\t\t\t\t\t\t\t\t\t\t\t\t<\/div>\n\t\t\t\t<\/div>\n\t\t\t\t<div class=\"elementor-element elementor-element-ce52139 elementor-widget elementor-widget-heading\" data-id=\"ce52139\" data-element_type=\"widget\" data-widget_type=\"heading.default\">\n\t\t\t\t<div class=\"elementor-widget-container\">\n\t\t\t<h1 class=\"elementor-heading-title elementor-size-default\">VITECO<\/h1>\t\t<\/div>\n\t\t\t\t<\/div>\n\t\t\t\t<div class=\"elementor-element elementor-element-46086db elementor-widget elementor-widget-text-editor\" data-id=\"46086db\" data-element_type=\"widget\" data-widget_type=\"text-editor.default\">\n\t\t\t\t<div class=\"elementor-widget-container\">\n\t\t\t\t\t\t\t<p>VITECO zapewnia wsparcie technologiczne, projektowanie profesjonalnych gier i konwersj\u0119 formatu SCORM dla instytucji szkoleniowych, szk\u00f3\u0142 i firm. Stawia na prostot\u0119 i u\u017cyteczno\u015b\u0107, dzi\u0119ki czemu czyni przyjemn\u0105 nauk\u0119 na odleg\u0142o\u015b\u0107.<\/p>\t\t\t\t\t\t<\/div>\n\t\t\t\t<\/div>\n\t\t\t\t<\/div>\n\t\t<div class=\"elementor-element elementor-element-526990c e-con-full e-flex e-con e-child\" data-id=\"526990c\" data-element_type=\"container\">\n\t\t\t\t<div class=\"elementor-element elementor-element-690e097 elementor-widget elementor-widget-image\" data-id=\"690e097\" data-element_type=\"widget\" data-widget_type=\"image.default\">\n\t\t\t\t<div class=\"elementor-widget-container\">\n\t\t\t\t\t\t\t\t\t\t\t\t\t<img loading=\"lazy\" decoding=\"async\" width=\"435\" height=\"242\" src=\"https:\/\/strongeryouth.eu\/wp-content\/uploads\/2024\/03\/Logo-2.png\" class=\"attachment-full size-full wp-image-565\" alt=\"\" srcset=\"https:\/\/strongeryouth.eu\/wp-content\/uploads\/2024\/03\/Logo-2.png 435w, https:\/\/strongeryouth.eu\/wp-content\/uploads\/2024\/03\/Logo-2-300x167.png 300w\" sizes=\"(max-width: 435px) 100vw, 435px\" \/>\t\t\t\t\t\t\t\t\t\t\t\t\t<\/div>\n\t\t\t\t<\/div>\n\t\t\t\t<div class=\"elementor-element elementor-element-34e1012 elementor-widget elementor-widget-heading\" data-id=\"34e1012\" data-element_type=\"widget\" data-widget_type=\"heading.default\">\n\t\t\t\t<div class=\"elementor-widget-container\">\n\t\t\t<h1 class=\"elementor-heading-title elementor-size-default\">CPIP<\/h1>\t\t<\/div>\n\t\t\t\t<\/div>\n\t\t\t\t<div class=\"elementor-element elementor-element-188c008 elementor-widget elementor-widget-text-editor\" data-id=\"188c008\" data-element_type=\"widget\" data-widget_type=\"text-editor.default\">\n\t\t\t\t<div class=\"elementor-widget-container\">\n\t\t\t\t\t\t\t<p>CPIP jest instytucj\u0105 non-profit promuj\u0105c\u0105 uczenie si\u0119 przez ca\u0142e \u017cycie i zaanga\u017cowanie spo\u0142eczne. Organizuje zaj\u0119cia, seminaria i warsztaty lokalne i mi\u0119dzynarodowe oraz opracowuje programy edukacyjne dla r\u00f3\u017cnych spo\u0142eczno\u015bci.<\/p>\t\t\t\t\t\t<\/div>\n\t\t\t\t<\/div>\n\t\t\t\t<\/div>\n\t\t<div class=\"elementor-element elementor-element-103eae0 e-con-full e-flex e-con e-child\" data-id=\"103eae0\" data-element_type=\"container\">\n\t\t\t\t<div class=\"elementor-element elementor-element-759a5bd elementor-widget elementor-widget-image\" data-id=\"759a5bd\" data-element_type=\"widget\" data-widget_type=\"image.default\">\n\t\t\t\t<div class=\"elementor-widget-container\">\n\t\t\t\t\t\t\t\t\t\t\t\t\t<img loading=\"lazy\" decoding=\"async\" width=\"435\" height=\"242\" src=\"https:\/\/strongeryouth.eu\/wp-content\/uploads\/2024\/03\/Logo-3.png\" class=\"attachment-full size-full wp-image-572\" alt=\"\" srcset=\"https:\/\/strongeryouth.eu\/wp-content\/uploads\/2024\/03\/Logo-3.png 435w, https:\/\/strongeryouth.eu\/wp-content\/uploads\/2024\/03\/Logo-3-300x167.png 300w\" sizes=\"(max-width: 435px) 100vw, 435px\" \/>\t\t\t\t\t\t\t\t\t\t\t\t\t<\/div>\n\t\t\t\t<\/div>\n\t\t\t\t<div class=\"elementor-element elementor-element-8b27205 elementor-widget elementor-widget-heading\" data-id=\"8b27205\" data-element_type=\"widget\" data-widget_type=\"heading.default\">\n\t\t\t\t<div class=\"elementor-widget-container\">\n\t\t\t<h1 class=\"elementor-heading-title elementor-size-default\">PELICAN<\/h1>\t\t<\/div>\n\t\t\t\t<\/div>\n\t\t\t\t<div class=\"elementor-element elementor-element-b2750a9 elementor-widget elementor-widget-text-editor\" data-id=\"b2750a9\" data-element_type=\"widget\" data-widget_type=\"text-editor.default\">\n\t\t\t\t<div class=\"elementor-widget-container\">\n\t\t\t\t\t\t\t<p>Szko\u0142a J\u0119zykowa PELICAN zajmuje si\u0119 kwestiami spo\u0142ecznymi, takimi jak edukacja m\u0142odzie\u017cy, integracja spo\u0142eczna i polityka zagraniczna w Republice Czeskiej. Opieraj\u0105c si\u0119 na ponad 15-letnim do\u015bwiadczeniu, PELICAN aktywnie promuje zaanga\u017cowanie obywatelskie i uczestniczy w projektach finansowanych przez Komisj\u0119 Europejsk\u0105, kt\u00f3re obejmuj\u0105 r\u00f3\u017cne tematy, takie jak edukacja, \u015brodowisko i narz\u0119dzia do nauki online.<\/p>\t\t\t\t\t\t<\/div>\n\t\t\t\t<\/div>\n\t\t\t\t<\/div>\n\t\t<div class=\"elementor-element elementor-element-b370573 e-con-full e-flex e-con e-child\" data-id=\"b370573\" data-element_type=\"container\">\n\t\t\t\t<div class=\"elementor-element elementor-element-99f43ce elementor-widget elementor-widget-image\" data-id=\"99f43ce\" data-element_type=\"widget\" data-widget_type=\"image.default\">\n\t\t\t\t<div class=\"elementor-widget-container\">\n\t\t\t\t\t\t\t\t\t\t\t\t\t<img loading=\"lazy\" decoding=\"async\" width=\"436\" height=\"242\" src=\"https:\/\/strongeryouth.eu\/wp-content\/uploads\/2024\/03\/Logo-4.png\" class=\"attachment-full size-full wp-image-579\" alt=\"\" srcset=\"https:\/\/strongeryouth.eu\/wp-content\/uploads\/2024\/03\/Logo-4.png 436w, https:\/\/strongeryouth.eu\/wp-content\/uploads\/2024\/03\/Logo-4-300x167.png 300w\" sizes=\"(max-width: 436px) 100vw, 436px\" \/>\t\t\t\t\t\t\t\t\t\t\t\t\t<\/div>\n\t\t\t\t<\/div>\n\t\t\t\t<div class=\"elementor-element elementor-element-28bd853 elementor-widget elementor-widget-heading\" data-id=\"28bd853\" data-element_type=\"widget\" data-widget_type=\"heading.default\">\n\t\t\t\t<div class=\"elementor-widget-container\">\n\t\t\t<h1 class=\"elementor-heading-title elementor-size-default\">FRAME<\/h1>\t\t<\/div>\n\t\t\t\t<\/div>\n\t\t\t\t<div class=\"elementor-element elementor-element-d531593 elementor-widget elementor-widget-text-editor\" data-id=\"d531593\" data-element_type=\"widget\" data-widget_type=\"text-editor.default\">\n\t\t\t\t<div class=\"elementor-widget-container\">\n\t\t\t\t\t\t\t<p>Fundacja Rozwoju Aktywno\u015bci Mi\u0119dzynarodowej i Edukacyjnej FRAME \u2013 ma na celu rozw\u00f3j i promocj\u0119 wsp\u00f3\u0142pracy mi\u0119dzynarodowej spo\u0142eczno\u015bci lokalnych na rzecz edukacji, aktywno\u015bci zawodowej i dobrobytu obywateli. Ma swoj\u0105 siedzib\u0119 w Polsce i realizuje cele statutowe dzi\u0119ki rozwojowi wsp\u00f3\u0142pracy mi\u0119dzynarodowej, krajowej i lokalnej o szeroko rozumianym charakterze spo\u0142ecznym, wspieraj\u0105c integracj\u0119 europejsk\u0105, aktywn\u0105 wsp\u00f3\u0142prac\u0119 na rzecz rozwoju spo\u0142ecze\u0144stwa obywatelskiego i kultury demokracji oraz nauki, edukacji i aktywno\u015bci kulturalnych.<\/p>\t\t\t\t\t\t<\/div>\n\t\t\t\t<\/div>\n\t\t\t\t<\/div>\n\t\t<div class=\"elementor-element elementor-element-1380873 e-con-full e-flex e-con e-child\" data-id=\"1380873\" data-element_type=\"container\">\n\t\t\t\t<div class=\"elementor-element elementor-element-4d175c9 elementor-widget elementor-widget-image\" data-id=\"4d175c9\" data-element_type=\"widget\" data-widget_type=\"image.default\">\n\t\t\t\t<div class=\"elementor-widget-container\">\n\t\t\t\t\t\t\t\t\t\t\t\t\t<img loading=\"lazy\" decoding=\"async\" width=\"435\" height=\"242\" src=\"https:\/\/strongeryouth.eu\/wp-content\/uploads\/2024\/03\/Logo-5.png\" class=\"attachment-full size-full wp-image-586\" alt=\"\" srcset=\"https:\/\/strongeryouth.eu\/wp-content\/uploads\/2024\/03\/Logo-5.png 435w, https:\/\/strongeryouth.eu\/wp-content\/uploads\/2024\/03\/Logo-5-300x167.png 300w\" sizes=\"(max-width: 435px) 100vw, 435px\" \/>\t\t\t\t\t\t\t\t\t\t\t\t\t<\/div>\n\t\t\t\t<\/div>\n\t\t\t\t<div class=\"elementor-element elementor-element-baffab9 elementor-widget elementor-widget-heading\" data-id=\"baffab9\" data-element_type=\"widget\" data-widget_type=\"heading.default\">\n\t\t\t\t<div class=\"elementor-widget-container\">\n\t\t\t<h1 class=\"elementor-heading-title elementor-size-default\">University of Evora<\/h1>\t\t<\/div>\n\t\t\t\t<\/div>\n\t\t\t\t<div class=\"elementor-element elementor-element-72d08ef elementor-widget elementor-widget-text-editor\" data-id=\"72d08ef\" data-element_type=\"widget\" data-widget_type=\"text-editor.default\">\n\t\t\t\t<div class=\"elementor-widget-container\">\n\t\t\t\t\t\t\t<p>Uniwersytet w \u00c9vorze ma 5 wydzia\u0142\u00f3w (Sztuki, Nauk \u015acis\u0142ych i Technologii, Nauk Spo\u0142ecznych, Zdrowia i Rozwoju Cz\u0142owieka oraz Piel\u0119gniarstwa) oferuj\u0105cych liczne studia licencjackie i magisterskie. Uniwersytet jest cz\u0119\u015bci\u0105 Krajowej Mapy Infrastruktury Badawczej i wsp\u00f3\u0142pracuje ze spo\u0142eczno\u015bci\u0105 poprzez r\u00f3\u017cne partnerstwa. Obszary badawcze obejmuj\u0105 mi\u0119dzy innymi psychologi\u0119, edukacj\u0119, agronomi\u0119, bior\u00f3\u017cnorodno\u015b\u0107, ekonomi\u0119, informatyk\u0119 i zdrowie.<\/p>\t\t\t\t\t\t<\/div>\n\t\t\t\t<\/div>\n\t\t\t\t<\/div>\n\t\t<div class=\"elementor-element elementor-element-6807628 e-con-full e-flex e-con e-child\" data-id=\"6807628\" data-element_type=\"container\">\n\t\t\t\t<div class=\"elementor-element elementor-element-60dfe90 elementor-widget elementor-widget-image\" data-id=\"60dfe90\" data-element_type=\"widget\" data-widget_type=\"image.default\">\n\t\t\t\t<div class=\"elementor-widget-container\">\n\t\t\t\t\t\t\t\t\t\t\t\t\t<img loading=\"lazy\" decoding=\"async\" width=\"436\" height=\"242\" src=\"https:\/\/strongeryouth.eu\/wp-content\/uploads\/2024\/03\/Logo7.png\" class=\"attachment-full size-full wp-image-600\" alt=\"\" srcset=\"https:\/\/strongeryouth.eu\/wp-content\/uploads\/2024\/03\/Logo7.png 436w, https:\/\/strongeryouth.eu\/wp-content\/uploads\/2024\/03\/Logo7-300x167.png 300w\" sizes=\"(max-width: 436px) 100vw, 436px\" \/>\t\t\t\t\t\t\t\t\t\t\t\t\t<\/div>\n\t\t\t\t<\/div>\n\t\t\t\t<div class=\"elementor-element elementor-element-7a62006 elementor-widget elementor-widget-heading\" data-id=\"7a62006\" data-element_type=\"widget\" data-widget_type=\"heading.default\">\n\t\t\t\t<div class=\"elementor-widget-container\">\n\t\t\t<h1 class=\"elementor-heading-title elementor-size-default\">Innohub<\/h1>\t\t<\/div>\n\t\t\t\t<\/div>\n\t\t\t\t<div class=\"elementor-element elementor-element-7addcc4 elementor-widget elementor-widget-text-editor\" data-id=\"7addcc4\" data-element_type=\"widget\" data-widget_type=\"text-editor.default\">\n\t\t\t\t<div class=\"elementor-widget-container\">\n\t\t\t\t\t\t\t<p>Valencia INNO HUB jest stowarzyszeniem non-profit zarejestrowanym w hiszpa\u0144skim krajowym rejestrze stowarzysze\u0144.<\/p><p>Ma na celu \u0142\u0105czenie talentu i technologii. Aby to osi\u0105gn\u0105\u0107, anga\u017cuje si\u0119 w promowanie przedsi\u0119biorczo\u015bci poprzez dzia\u0142ania sprzyjaj\u0105ce tworzeniu ekosystemu sprzyjaj\u0105cego \u0142\u0105czeniu technologii i wiedzy, zach\u0119caj\u0105c tym samym do tworzenia firm opartych na technologii.<\/p>\t\t\t\t\t\t<\/div>\n\t\t\t\t<\/div>\n\t\t\t\t<\/div>\n\t\t\t\t\t<\/div>\n\t\t\t\t<\/div>\n\t\t\t\t\t<\/div>\n\t\t\t\t<\/div>\n\t\t\t\t<\/div>\n\t\t","protected":false},"excerpt":{"rendered":"<p>Kontekst Projekt zajmuje si\u0119 pal\u0105c\u0105 kwesti\u0105 zdrowia psychicznego i odporno\u015bci m\u0142odzie\u017cy, maj\u0105c na celu zapobieganie zachowaniom depresyjnym i wykluczeniu spo\u0142ecznemu. Promuj\u0105c wsp\u00f3\u0142prac\u0119 r\u00f3wie\u015bnicz\u0105, przeciwdzia\u0142a postawom rywalizacji w\u015br\u00f3d m\u0142odzie\u017cy oraz wspiera solidarno\u015b\u0107 i wi\u0119zi spo\u0142eczne. Zaproponowana metodologia obejmuje r\u00f3\u017cne aspekty profilaktyki, w tym wsparcie zdrowia psychicznego, integracj\u0119 ekonomiczn\u0105 i mo\u017cliwo\u015bci edukacyjne. Promuje aktywne obywatelstwo i przedsi\u0119biorczo\u015b\u0107 [&hellip;]<\/p>\n","protected":false},"author":2,"featured_media":0,"parent":0,"menu_order":0,"comment_status":"closed","ping_status":"closed","template":"","meta":{"_monsterinsights_skip_tracking":false,"_monsterinsights_sitenote_active":false,"_monsterinsights_sitenote_note":"","_monsterinsights_sitenote_category":0,"footnotes":""},"class_list":["post-1140","page","type-page","status-publish","hentry"],"_links":{"self":[{"href":"https:\/\/strongeryouth.eu\/pl\/wp-json\/wp\/v2\/pages\/1140","targetHints":{"allow":["GET"]}}],"collection":[{"href":"https:\/\/strongeryouth.eu\/pl\/wp-json\/wp\/v2\/pages"}],"about":[{"href":"https:\/\/strongeryouth.eu\/pl\/wp-json\/wp\/v2\/types\/page"}],"author":[{"embeddable":true,"href":"https:\/\/strongeryouth.eu\/pl\/wp-json\/wp\/v2\/users\/2"}],"replies":[{"embeddable":true,"href":"https:\/\/strongeryouth.eu\/pl\/wp-json\/wp\/v2\/comments?post=1140"}],"version-history":[{"count":4,"href":"https:\/\/strongeryouth.eu\/pl\/wp-json\/wp\/v2\/pages\/1140\/revisions"}],"predecessor-version":[{"id":1181,"href":"https:\/\/strongeryouth.eu\/pl\/wp-json\/wp\/v2\/pages\/1140\/revisions\/1181"}],"wp:attachment":[{"href":"https:\/\/strongeryouth.eu\/pl\/wp-json\/wp\/v2\/media?parent=1140"}],"curies":[{"name":"wp","href":"https:\/\/api.w.org\/{rel}","templated":true}]}}