{"id":1039,"date":"2024-03-15T08:34:22","date_gmt":"2024-03-15T08:34:22","guid":{"rendered":"https:\/\/strongeryouth.eu\/?page_id=1039"},"modified":"2024-05-21T10:19:53","modified_gmt":"2024-05-21T10:19:53","slug":"contexto","status":"publish","type":"page","link":"https:\/\/strongeryouth.eu\/pt-pt\/contexto\/","title":{"rendered":"Contexto"},"content":{"rendered":"\t\t<div data-elementor-type=\"wp-page\" data-elementor-id=\"1039\" class=\"elementor elementor-1039 elementor-29\" data-elementor-post-type=\"page\">\n\t\t\t\t<div class=\"elementor-element elementor-element-bcbd93b e-flex e-con-boxed e-con e-parent\" data-id=\"bcbd93b\" data-element_type=\"container\">\n\t\t\t\t\t<div class=\"e-con-inner\">\n\t\t<div class=\"elementor-element elementor-element-bf3e8eb e-con-full e-flex e-con e-child\" data-id=\"bf3e8eb\" data-element_type=\"container\">\n\t\t\t\t<div class=\"elementor-element elementor-element-0944441 elementor-widget elementor-widget-heading\" data-id=\"0944441\" data-element_type=\"widget\" data-widget_type=\"heading.default\">\n\t\t\t\t<div class=\"elementor-widget-container\">\n\t\t\t<h1 class=\"elementor-heading-title elementor-size-default\">Contexto<\/h1>\t\t<\/div>\n\t\t\t\t<\/div>\n\t\t\t\t<div class=\"elementor-element elementor-element-837ab06 elementor-widget-divider--view-line elementor-widget elementor-widget-divider\" data-id=\"837ab06\" data-element_type=\"widget\" data-widget_type=\"divider.default\">\n\t\t\t\t<div class=\"elementor-widget-container\">\n\t\t\t\t\t<div class=\"elementor-divider\">\n\t\t\t<span class=\"elementor-divider-separator\">\n\t\t\t\t\t\t<\/span>\n\t\t<\/div>\n\t\t\t\t<\/div>\n\t\t\t\t<\/div>\n\t\t\t\t<div class=\"elementor-element elementor-element-acce0e4 elementor-widget elementor-widget-text-editor\" data-id=\"acce0e4\" data-element_type=\"widget\" data-widget_type=\"text-editor.default\">\n\t\t\t\t<div class=\"elementor-widget-container\">\n\t\t\t\t\t\t\t<p>O projeto destaca a urg\u00eancia de abordar a quest\u00e3o da sa\u00fade mental entre os jovens, considerada um dos desafios mais significativos do mundo contempor\u00e2neo. \u00c9 evidente como fen\u00f3menos relativos a mudan\u00e7as econ\u00f3micas, \u00e0 pandemia do COVID-19 e a outras crises aumentaram as dificuldades mentais dos jovens, levando a um aumento da ansiedade, da depress\u00e3o e das tentativas de suic\u00eddio.<\/p><p>O projeto Stronger Youth aborda as quest\u00f5es de sa\u00fade mental e resili\u00eancia dos jovens de forma abrangente. Ele permite que as institui\u00e7\u00f5es parceiras melhorem as suas atividades nas \u00e1reas da resili\u00eancia, preven\u00e7\u00e3o da exclus\u00e3o social e comunica\u00e7\u00e3o com os jovens.<\/p><p>Cada pa\u00eds parceiro beneficia de forma \u00fanica, com resultados potenciais que incluem melhoria dos esfor\u00e7os de inclus\u00e3o social em It\u00e1lia, maior envolvimento com jovens em situa\u00e7\u00e3o de risco na Rom\u00eania e fortalecimento das atividades preventivas de sa\u00fade mental em Portugal, na Rep\u00fablica Checa e em Espanha.<\/p>\t\t\t\t\t\t<\/div>\n\t\t\t\t<\/div>\n\t\t\t\t<\/div>\n\t\t<div class=\"elementor-element elementor-element-8d46c34 e-con-full e-flex e-con e-child\" data-id=\"8d46c34\" data-element_type=\"container\" data-settings=\"{&quot;background_background&quot;:&quot;classic&quot;}\">\n\t\t\t\t<div class=\"elementor-element elementor-element-ca53ebd elementor-widget elementor-widget-image\" data-id=\"ca53ebd\" data-element_type=\"widget\" data-widget_type=\"image.default\">\n\t\t\t\t<div class=\"elementor-widget-container\">\n\t\t\t\t\t\t\t\t\t\t\t\t\t<img fetchpriority=\"high\" decoding=\"async\" width=\"673\" height=\"689\" src=\"https:\/\/strongeryouth.eu\/wp-content\/uploads\/2024\/03\/R-1-1.jpg\" class=\"attachment-full size-full wp-image-519\" alt=\"\" srcset=\"https:\/\/strongeryouth.eu\/wp-content\/uploads\/2024\/03\/R-1-1.jpg 673w, https:\/\/strongeryouth.eu\/wp-content\/uploads\/2024\/03\/R-1-1-293x300.jpg 293w\" sizes=\"(max-width: 673px) 100vw, 673px\" \/>\t\t\t\t\t\t\t\t\t\t\t\t\t<\/div>\n\t\t\t\t<\/div>\n\t\t\t\t<\/div>\n\t\t\t\t\t<\/div>\n\t\t\t\t<\/div>\n\t\t<div class=\"elementor-element elementor-element-ec3d999 e-flex e-con-boxed e-con e-parent\" data-id=\"ec3d999\" data-element_type=\"container\" id=\"objectives\" data-settings=\"{&quot;background_background&quot;:&quot;classic&quot;}\">\n\t\t\t\t\t<div class=\"e-con-inner\">\n\t\t<div class=\"elementor-element elementor-element-8543a2f e-con-full e-flex e-con e-child\" data-id=\"8543a2f\" data-element_type=\"container\" data-settings=\"{&quot;background_background&quot;:&quot;classic&quot;}\">\n\t\t<div class=\"elementor-element elementor-element-653623f e-con-full e-flex e-con e-child\" data-id=\"653623f\" data-element_type=\"container\">\n\t\t\t\t<div class=\"elementor-element elementor-element-a689986 elementor-widget elementor-widget-heading\" data-id=\"a689986\" data-element_type=\"widget\" data-widget_type=\"heading.default\">\n\t\t\t\t<div class=\"elementor-widget-container\">\n\t\t\t<h1 class=\"elementor-heading-title elementor-size-default\">Objetivos<\/h1>\t\t<\/div>\n\t\t\t\t<\/div>\n\t\t<div class=\"elementor-element elementor-element-aba28ba e-con-full e-flex e-con e-child\" data-id=\"aba28ba\" data-element_type=\"container\">\n\t\t\t\t<div class=\"elementor-element elementor-element-373c4d8 elementor-widget__width-initial elementor-widget elementor-widget-image\" data-id=\"373c4d8\" data-element_type=\"widget\" data-widget_type=\"image.default\">\n\t\t\t\t<div class=\"elementor-widget-container\">\n\t\t\t\t\t\t\t\t\t\t\t\t\t<img decoding=\"async\" width=\"127\" height=\"100\" src=\"https:\/\/strongeryouth.eu\/wp-content\/uploads\/2024\/03\/Number.svg\" class=\"attachment-large size-large wp-image-547\" alt=\"\" \/>\t\t\t\t\t\t\t\t\t\t\t\t\t<\/div>\n\t\t\t\t<\/div>\n\t\t\t\t<div class=\"elementor-element elementor-element-b335e88 elementor-widget elementor-widget-text-editor\" data-id=\"b335e88\" data-element_type=\"widget\" data-widget_type=\"text-editor.default\">\n\t\t\t\t<div class=\"elementor-widget-container\">\n\t\t\t\t\t\t\t<p>Promover compet\u00eancias socioemocionais de adolescentes em risco de depress\u00e3o ou exclus\u00e3o social, atrav\u00e9s de rela\u00e7\u00f5es de mentoria com pares.<\/p>\t\t\t\t\t\t<\/div>\n\t\t\t\t<\/div>\n\t\t\t\t<\/div>\n\t\t<div class=\"elementor-element elementor-element-33d0c1c e-con-full e-flex e-con e-child\" data-id=\"33d0c1c\" data-element_type=\"container\">\n\t\t\t\t<div class=\"elementor-element elementor-element-1019b28 elementor-widget__width-initial elementor-widget elementor-widget-image\" data-id=\"1019b28\" data-element_type=\"widget\" data-widget_type=\"image.default\">\n\t\t\t\t<div class=\"elementor-widget-container\">\n\t\t\t\t\t\t\t\t\t\t\t\t\t<img decoding=\"async\" width=\"127\" height=\"101\" src=\"https:\/\/strongeryouth.eu\/wp-content\/uploads\/2024\/03\/Number-1.svg\" class=\"attachment-large size-large wp-image-533\" alt=\"\" \/>\t\t\t\t\t\t\t\t\t\t\t\t\t<\/div>\n\t\t\t\t<\/div>\n\t\t\t\t<div class=\"elementor-element elementor-element-b1cfa72 elementor-widget elementor-widget-text-editor\" data-id=\"b1cfa72\" data-element_type=\"widget\" data-widget_type=\"text-editor.default\">\n\t\t\t\t<div class=\"elementor-widget-container\">\n\t\t\t\t\t\t\t<p>Construir um programa de mentoria por pares, enquanto interven\u00e7\u00e3o preventiva de problemas ao n\u00edvel da sa\u00fade mental e inclus\u00e3o de adolescentes.<\/p>\t\t\t\t\t\t<\/div>\n\t\t\t\t<\/div>\n\t\t\t\t<\/div>\n\t\t\t\t<\/div>\n\t\t<div class=\"elementor-element elementor-element-b9c9365 e-con-full elementor-hidden-tablet elementor-hidden-mobile e-flex e-con e-child\" data-id=\"b9c9365\" data-element_type=\"container\">\n\t\t\t\t<\/div>\n\t\t\t\t<\/div>\n\t\t\t\t\t<\/div>\n\t\t\t\t<\/div>\n\t\t<div class=\"elementor-element elementor-element-4c9a189 e-flex e-con-boxed e-con e-parent\" data-id=\"4c9a189\" data-element_type=\"container\" id=\"partners\" data-settings=\"{&quot;background_background&quot;:&quot;classic&quot;}\">\n\t\t\t\t\t<div class=\"e-con-inner\">\n\t\t\t\t<div class=\"elementor-element elementor-element-b6f70c7 elementor-widget elementor-widget-heading\" data-id=\"b6f70c7\" data-element_type=\"widget\" data-widget_type=\"heading.default\">\n\t\t\t\t<div class=\"elementor-widget-container\">\n\t\t\t<h1 class=\"elementor-heading-title elementor-size-default\">Parceiros<\/h1>\t\t<\/div>\n\t\t\t\t<\/div>\n\t\t<div class=\"elementor-element elementor-element-1399fae e-flex e-con-boxed e-con e-child\" data-id=\"1399fae\" data-element_type=\"container\">\n\t\t\t\t\t<div class=\"e-con-inner\">\n\t\t<div class=\"elementor-element elementor-element-b0615c2 e-con-full e-flex e-con e-child\" data-id=\"b0615c2\" data-element_type=\"container\">\n\t\t\t\t<div class=\"elementor-element elementor-element-29e365c elementor-widget elementor-widget-image\" data-id=\"29e365c\" data-element_type=\"widget\" data-widget_type=\"image.default\">\n\t\t\t\t<div class=\"elementor-widget-container\">\n\t\t\t\t\t\t\t\t\t\t\t\t\t<img loading=\"lazy\" decoding=\"async\" width=\"435\" height=\"242\" src=\"https:\/\/strongeryouth.eu\/wp-content\/uploads\/2024\/03\/Logo.png\" class=\"attachment-full size-full wp-image-593\" alt=\"\" srcset=\"https:\/\/strongeryouth.eu\/wp-content\/uploads\/2024\/03\/Logo.png 435w, https:\/\/strongeryouth.eu\/wp-content\/uploads\/2024\/03\/Logo-300x167.png 300w\" sizes=\"(max-width: 435px) 100vw, 435px\" \/>\t\t\t\t\t\t\t\t\t\t\t\t\t<\/div>\n\t\t\t\t<\/div>\n\t\t\t\t<div class=\"elementor-element elementor-element-6e3843d elementor-widget elementor-widget-heading\" data-id=\"6e3843d\" data-element_type=\"widget\" data-widget_type=\"heading.default\">\n\t\t\t\t<div class=\"elementor-widget-container\">\n\t\t\t<h1 class=\"elementor-heading-title elementor-size-default\">PRISM<\/h1>\t\t<\/div>\n\t\t\t\t<\/div>\n\t\t\t\t<div class=\"elementor-element elementor-element-77de739 elementor-widget elementor-widget-text-editor\" data-id=\"77de739\" data-element_type=\"widget\" data-widget_type=\"text-editor.default\">\n\t\t\t\t<div class=\"elementor-widget-container\">\n\t\t\t\t\t\t\t<p>PRISM Impresa Sociale s.r.l. oferece um espa\u00e7o de co-design, aberto a agentes p\u00fablicos e privados, para o desenvolvimento de estrat\u00e9gias e interven\u00e7\u00f5es destinadas a valorizar o potencial, os recursos sociais, culturais e econ\u00f3micos das comunidades locais numa perspetiva internacional.<\/p>\t\t\t\t\t\t<\/div>\n\t\t\t\t<\/div>\n\t\t\t\t<\/div>\n\t\t<div class=\"elementor-element elementor-element-1a3f4d6 e-con-full e-flex e-con e-child\" data-id=\"1a3f4d6\" data-element_type=\"container\">\n\t\t\t\t<div class=\"elementor-element elementor-element-770cab0 elementor-widget elementor-widget-image\" data-id=\"770cab0\" data-element_type=\"widget\" data-widget_type=\"image.default\">\n\t\t\t\t<div class=\"elementor-widget-container\">\n\t\t\t\t\t\t\t\t\t\t\t\t\t<img loading=\"lazy\" decoding=\"async\" width=\"436\" height=\"242\" src=\"https:\/\/strongeryouth.eu\/wp-content\/uploads\/2024\/03\/Logo-1.png\" class=\"attachment-full size-full wp-image-558\" alt=\"\" srcset=\"https:\/\/strongeryouth.eu\/wp-content\/uploads\/2024\/03\/Logo-1.png 436w, https:\/\/strongeryouth.eu\/wp-content\/uploads\/2024\/03\/Logo-1-300x167.png 300w\" sizes=\"(max-width: 436px) 100vw, 436px\" \/>\t\t\t\t\t\t\t\t\t\t\t\t\t<\/div>\n\t\t\t\t<\/div>\n\t\t\t\t<div class=\"elementor-element elementor-element-ce52139 elementor-widget elementor-widget-heading\" data-id=\"ce52139\" data-element_type=\"widget\" data-widget_type=\"heading.default\">\n\t\t\t\t<div class=\"elementor-widget-container\">\n\t\t\t<h1 class=\"elementor-heading-title elementor-size-default\">VITECO<\/h1>\t\t<\/div>\n\t\t\t\t<\/div>\n\t\t\t\t<div class=\"elementor-element elementor-element-46086db elementor-widget elementor-widget-text-editor\" data-id=\"46086db\" data-element_type=\"widget\" data-widget_type=\"text-editor.default\">\n\t\t\t\t<div class=\"elementor-widget-container\">\n\t\t\t\t\t\t\t<p>A VITECO fornece suporte tecnol\u00f3gico, design de jogos s\u00e9rios e convers\u00e3o do formato SCORM para institui\u00e7\u00f5es de forma\u00e7\u00e3o, escolas e empresas. Aposta na simplicidade e na usabilidade, tornando o ensino \u00e0 dist\u00e2ncia agrad\u00e1vel.<\/p>\t\t\t\t\t\t<\/div>\n\t\t\t\t<\/div>\n\t\t\t\t<\/div>\n\t\t<div class=\"elementor-element elementor-element-526990c e-con-full e-flex e-con e-child\" data-id=\"526990c\" data-element_type=\"container\">\n\t\t\t\t<div class=\"elementor-element elementor-element-690e097 elementor-widget elementor-widget-image\" data-id=\"690e097\" data-element_type=\"widget\" data-widget_type=\"image.default\">\n\t\t\t\t<div class=\"elementor-widget-container\">\n\t\t\t\t\t\t\t\t\t\t\t\t\t<img loading=\"lazy\" decoding=\"async\" width=\"435\" height=\"242\" src=\"https:\/\/strongeryouth.eu\/wp-content\/uploads\/2024\/03\/Logo-2.png\" class=\"attachment-full size-full wp-image-565\" alt=\"\" srcset=\"https:\/\/strongeryouth.eu\/wp-content\/uploads\/2024\/03\/Logo-2.png 435w, https:\/\/strongeryouth.eu\/wp-content\/uploads\/2024\/03\/Logo-2-300x167.png 300w\" sizes=\"(max-width: 435px) 100vw, 435px\" \/>\t\t\t\t\t\t\t\t\t\t\t\t\t<\/div>\n\t\t\t\t<\/div>\n\t\t\t\t<div class=\"elementor-element elementor-element-34e1012 elementor-widget elementor-widget-heading\" data-id=\"34e1012\" data-element_type=\"widget\" data-widget_type=\"heading.default\">\n\t\t\t\t<div class=\"elementor-widget-container\">\n\t\t\t<h1 class=\"elementor-heading-title elementor-size-default\">CPIP<\/h1>\t\t<\/div>\n\t\t\t\t<\/div>\n\t\t\t\t<div class=\"elementor-element elementor-element-188c008 elementor-widget elementor-widget-text-editor\" data-id=\"188c008\" data-element_type=\"widget\" data-widget_type=\"text-editor.default\">\n\t\t\t\t<div class=\"elementor-widget-container\">\n\t\t\t\t\t\t\t<p>O CPIP \u00e9 uma institui\u00e7\u00e3o sem fins lucrativos que promove a aprendizagem ao longo da vida e o compromisso social. Organiza aulas, semin\u00e1rios e workshops a n\u00edvel local e internacional, e desenvolve programas educativos para diversas comunidades.<\/p>\t\t\t\t\t\t<\/div>\n\t\t\t\t<\/div>\n\t\t\t\t<\/div>\n\t\t<div class=\"elementor-element elementor-element-103eae0 e-con-full e-flex e-con e-child\" data-id=\"103eae0\" data-element_type=\"container\">\n\t\t\t\t<div class=\"elementor-element elementor-element-759a5bd elementor-widget elementor-widget-image\" data-id=\"759a5bd\" data-element_type=\"widget\" data-widget_type=\"image.default\">\n\t\t\t\t<div class=\"elementor-widget-container\">\n\t\t\t\t\t\t\t\t\t\t\t\t\t<img loading=\"lazy\" decoding=\"async\" width=\"435\" height=\"242\" src=\"https:\/\/strongeryouth.eu\/wp-content\/uploads\/2024\/03\/Logo-3.png\" class=\"attachment-full size-full wp-image-572\" alt=\"\" srcset=\"https:\/\/strongeryouth.eu\/wp-content\/uploads\/2024\/03\/Logo-3.png 435w, https:\/\/strongeryouth.eu\/wp-content\/uploads\/2024\/03\/Logo-3-300x167.png 300w\" sizes=\"(max-width: 435px) 100vw, 435px\" \/>\t\t\t\t\t\t\t\t\t\t\t\t\t<\/div>\n\t\t\t\t<\/div>\n\t\t\t\t<div class=\"elementor-element elementor-element-8b27205 elementor-widget elementor-widget-heading\" data-id=\"8b27205\" data-element_type=\"widget\" data-widget_type=\"heading.default\">\n\t\t\t\t<div class=\"elementor-widget-container\">\n\t\t\t<h1 class=\"elementor-heading-title elementor-size-default\">PELICAN<\/h1>\t\t<\/div>\n\t\t\t\t<\/div>\n\t\t\t\t<div class=\"elementor-element elementor-element-b2750a9 elementor-widget elementor-widget-text-editor\" data-id=\"b2750a9\" data-element_type=\"widget\" data-widget_type=\"text-editor.default\">\n\t\t\t\t<div class=\"elementor-widget-container\">\n\t\t\t\t\t\t\t<p>A LS PELICAN dedica-se a quest\u00f5es sociais como a educa\u00e7\u00e3o dos jovens, a inclus\u00e3o social e a pol\u00edtica externa na Rep\u00fablica Checa. Com mais de 15 anos de experi\u00eancia, promove ativamente o envolvimento c\u00edvico e participa em projetos financiados pela Comiss\u00e3o Europeia que abrangem diversos t\u00f3picos, como a educa\u00e7\u00e3o, o ambiente e ferramentas de aprendizagem online<\/p>\t\t\t\t\t\t<\/div>\n\t\t\t\t<\/div>\n\t\t\t\t<\/div>\n\t\t<div class=\"elementor-element elementor-element-b370573 e-con-full e-flex e-con e-child\" data-id=\"b370573\" data-element_type=\"container\">\n\t\t\t\t<div class=\"elementor-element elementor-element-99f43ce elementor-widget elementor-widget-image\" data-id=\"99f43ce\" data-element_type=\"widget\" data-widget_type=\"image.default\">\n\t\t\t\t<div class=\"elementor-widget-container\">\n\t\t\t\t\t\t\t\t\t\t\t\t\t<img loading=\"lazy\" decoding=\"async\" width=\"436\" height=\"242\" src=\"https:\/\/strongeryouth.eu\/wp-content\/uploads\/2024\/03\/Logo-4.png\" class=\"attachment-full size-full wp-image-579\" alt=\"\" srcset=\"https:\/\/strongeryouth.eu\/wp-content\/uploads\/2024\/03\/Logo-4.png 436w, https:\/\/strongeryouth.eu\/wp-content\/uploads\/2024\/03\/Logo-4-300x167.png 300w\" sizes=\"(max-width: 436px) 100vw, 436px\" \/>\t\t\t\t\t\t\t\t\t\t\t\t\t<\/div>\n\t\t\t\t<\/div>\n\t\t\t\t<div class=\"elementor-element elementor-element-28bd853 elementor-widget elementor-widget-heading\" data-id=\"28bd853\" data-element_type=\"widget\" data-widget_type=\"heading.default\">\n\t\t\t\t<div class=\"elementor-widget-container\">\n\t\t\t<h1 class=\"elementor-heading-title elementor-size-default\">FRAME<\/h1>\t\t<\/div>\n\t\t\t\t<\/div>\n\t\t\t\t<div class=\"elementor-element elementor-element-d531593 elementor-widget elementor-widget-text-editor\" data-id=\"d531593\" data-element_type=\"widget\" data-widget_type=\"text-editor.default\">\n\t\t\t\t<div class=\"elementor-widget-container\">\n\t\t\t\t\t\t\t<p>Funda\u00e7\u00e3o para o Desenvolvimento da Atividade Internacional e Educacional &#8211; tem por objetivo desenvolver e promover a coopera\u00e7\u00e3o internacional das comunidades locais, apoiando a educa\u00e7\u00e3o, a atividade profissional e o bem-estar dos cidad\u00e3os. Est\u00e1 sediada na Pol\u00f3nia e implementa os seus objetivos estatut\u00e1rios gra\u00e7as ao desenvolvimento da coopera\u00e7\u00e3o internacional, nacional e local de car\u00e1cter social amplamente entendido, apoiando a integra\u00e7\u00e3o europeia, a coopera\u00e7\u00e3o ativa no desenvolvimento da sociedade civil e da cultura democr\u00e1tica, bem como atividades cient\u00edficas, educativas e culturais.<\/p>\t\t\t\t\t\t<\/div>\n\t\t\t\t<\/div>\n\t\t\t\t<\/div>\n\t\t<div class=\"elementor-element elementor-element-1380873 e-con-full e-flex e-con e-child\" data-id=\"1380873\" data-element_type=\"container\">\n\t\t\t\t<div class=\"elementor-element elementor-element-4d175c9 elementor-widget elementor-widget-image\" data-id=\"4d175c9\" data-element_type=\"widget\" data-widget_type=\"image.default\">\n\t\t\t\t<div class=\"elementor-widget-container\">\n\t\t\t\t\t\t\t\t\t\t\t\t\t<img loading=\"lazy\" decoding=\"async\" width=\"435\" height=\"242\" src=\"https:\/\/strongeryouth.eu\/wp-content\/uploads\/2024\/03\/Logo-5.png\" class=\"attachment-full size-full wp-image-586\" alt=\"\" srcset=\"https:\/\/strongeryouth.eu\/wp-content\/uploads\/2024\/03\/Logo-5.png 435w, https:\/\/strongeryouth.eu\/wp-content\/uploads\/2024\/03\/Logo-5-300x167.png 300w\" sizes=\"(max-width: 435px) 100vw, 435px\" \/>\t\t\t\t\t\t\t\t\t\t\t\t\t<\/div>\n\t\t\t\t<\/div>\n\t\t\t\t<div class=\"elementor-element elementor-element-baffab9 elementor-widget elementor-widget-heading\" data-id=\"baffab9\" data-element_type=\"widget\" data-widget_type=\"heading.default\">\n\t\t\t\t<div class=\"elementor-widget-container\">\n\t\t\t<h1 class=\"elementor-heading-title elementor-size-default\">University of Evora<\/h1>\t\t<\/div>\n\t\t\t\t<\/div>\n\t\t\t\t<div class=\"elementor-element elementor-element-72d08ef elementor-widget elementor-widget-text-editor\" data-id=\"72d08ef\" data-element_type=\"widget\" data-widget_type=\"text-editor.default\">\n\t\t\t\t<div class=\"elementor-widget-container\">\n\t\t\t\t\t\t\tA Universidade de \u00c9vora tem 5 escolas (Artes; Ci\u00eancias e Tecnologias; Ci\u00eancias Sociais; Sa\u00fade e Desenvolvimento Humano; e Enfermagem) que oferecem numerosos cursos de licenciatura, p\u00f3s-gradua\u00e7\u00e3o, mestrado e doutoramento. A universidade faz parte do Roteiro Nacional de Infraestruturas de Investiga\u00e7\u00e3o e envolve-se com a comunidade atrav\u00e9s de v\u00e1rias parcerias. As \u00e1reas de investiga\u00e7\u00e3o incluem, entre outras, Psicologia, Educa\u00e7\u00e3o, a Agronomia, a Biodiversidade, a Economia, a Inform\u00e1tica e a Sa\u00fade.\t\t\t\t\t\t<\/div>\n\t\t\t\t<\/div>\n\t\t\t\t<\/div>\n\t\t<div class=\"elementor-element elementor-element-6807628 e-con-full e-flex e-con e-child\" data-id=\"6807628\" data-element_type=\"container\">\n\t\t\t\t<div class=\"elementor-element elementor-element-60dfe90 elementor-widget elementor-widget-image\" data-id=\"60dfe90\" data-element_type=\"widget\" data-widget_type=\"image.default\">\n\t\t\t\t<div class=\"elementor-widget-container\">\n\t\t\t\t\t\t\t\t\t\t\t\t\t<img loading=\"lazy\" decoding=\"async\" width=\"436\" height=\"242\" src=\"https:\/\/strongeryouth.eu\/wp-content\/uploads\/2024\/03\/Logo7.png\" class=\"attachment-full size-full wp-image-600\" alt=\"\" srcset=\"https:\/\/strongeryouth.eu\/wp-content\/uploads\/2024\/03\/Logo7.png 436w, https:\/\/strongeryouth.eu\/wp-content\/uploads\/2024\/03\/Logo7-300x167.png 300w\" sizes=\"(max-width: 436px) 100vw, 436px\" \/>\t\t\t\t\t\t\t\t\t\t\t\t\t<\/div>\n\t\t\t\t<\/div>\n\t\t\t\t<div class=\"elementor-element elementor-element-7a62006 elementor-widget elementor-widget-heading\" data-id=\"7a62006\" data-element_type=\"widget\" data-widget_type=\"heading.default\">\n\t\t\t\t<div class=\"elementor-widget-container\">\n\t\t\t<h1 class=\"elementor-heading-title elementor-size-default\">Innohub<\/h1>\t\t<\/div>\n\t\t\t\t<\/div>\n\t\t\t\t<div class=\"elementor-element elementor-element-7addcc4 elementor-widget elementor-widget-text-editor\" data-id=\"7addcc4\" data-element_type=\"widget\" data-widget_type=\"text-editor.default\">\n\t\t\t\t<div class=\"elementor-widget-container\">\n\t\t\t\t\t\t\t<p>Valencia INNO HUB \u00e9 uma associa\u00e7\u00e3o sem fins lucrativos inscrita no registo nacional de associa\u00e7\u00f5es.<\/p><p>O seu objetivo \u00e9 reunir talento e tecnologia. Para isso, compromete-se a promover o empreendedorismo atrav\u00e9s de a\u00e7\u00f5es que fomentem a cria\u00e7\u00e3o de um ecossistema prop\u00edcio \u00e0 gera\u00e7\u00e3o de tecnologia e conhecimento, favorecendo assim a cria\u00e7\u00e3o de empresas de base tecnol\u00f3gica.<\/p>\t\t\t\t\t\t<\/div>\n\t\t\t\t<\/div>\n\t\t\t\t<\/div>\n\t\t\t\t\t<\/div>\n\t\t\t\t<\/div>\n\t\t\t\t\t<\/div>\n\t\t\t\t<\/div>\n\t\t\t\t<\/div>\n\t\t","protected":false},"excerpt":{"rendered":"<p>Contexto O projeto destaca a urg\u00eancia de abordar a quest\u00e3o da sa\u00fade mental entre os jovens, considerada um dos desafios mais significativos do mundo contempor\u00e2neo. \u00c9 evidente como fen\u00f3menos relativos a mudan\u00e7as econ\u00f3micas, \u00e0 pandemia do COVID-19 e a outras crises aumentaram as dificuldades mentais dos jovens, levando a um aumento da ansiedade, da depress\u00e3o [&hellip;]<\/p>\n","protected":false},"author":2,"featured_media":0,"parent":0,"menu_order":0,"comment_status":"closed","ping_status":"closed","template":"","meta":{"_monsterinsights_skip_tracking":false,"_monsterinsights_sitenote_active":false,"_monsterinsights_sitenote_note":"","_monsterinsights_sitenote_category":0,"footnotes":""},"class_list":["post-1039","page","type-page","status-publish","hentry"],"_links":{"self":[{"href":"https:\/\/strongeryouth.eu\/pt-pt\/wp-json\/wp\/v2\/pages\/1039","targetHints":{"allow":["GET"]}}],"collection":[{"href":"https:\/\/strongeryouth.eu\/pt-pt\/wp-json\/wp\/v2\/pages"}],"about":[{"href":"https:\/\/strongeryouth.eu\/pt-pt\/wp-json\/wp\/v2\/types\/page"}],"author":[{"embeddable":true,"href":"https:\/\/strongeryouth.eu\/pt-pt\/wp-json\/wp\/v2\/users\/2"}],"replies":[{"embeddable":true,"href":"https:\/\/strongeryouth.eu\/pt-pt\/wp-json\/wp\/v2\/comments?post=1039"}],"version-history":[{"count":4,"href":"https:\/\/strongeryouth.eu\/pt-pt\/wp-json\/wp\/v2\/pages\/1039\/revisions"}],"predecessor-version":[{"id":1074,"href":"https:\/\/strongeryouth.eu\/pt-pt\/wp-json\/wp\/v2\/pages\/1039\/revisions\/1074"}],"wp:attachment":[{"href":"https:\/\/strongeryouth.eu\/pt-pt\/wp-json\/wp\/v2\/media?parent=1039"}],"curies":[{"name":"wp","href":"https:\/\/api.w.org\/{rel}","templated":true}]}}