{"id":934,"date":"2024-03-15T08:34:22","date_gmt":"2024-03-15T08:34:22","guid":{"rendered":"https:\/\/strongeryouth.eu\/?page_id=934"},"modified":"2024-03-29T16:39:15","modified_gmt":"2024-03-29T16:39:15","slug":"context","status":"publish","type":"page","link":"https:\/\/strongeryouth.eu\/ro\/context\/","title":{"rendered":"Context"},"content":{"rendered":"\t\t<div data-elementor-type=\"wp-page\" data-elementor-id=\"934\" class=\"elementor elementor-934 elementor-29\" data-elementor-post-type=\"page\">\n\t\t\t\t<div class=\"elementor-element elementor-element-bcbd93b e-flex e-con-boxed e-con e-parent\" data-id=\"bcbd93b\" data-element_type=\"container\">\n\t\t\t\t\t<div class=\"e-con-inner\">\n\t\t<div class=\"elementor-element elementor-element-bf3e8eb e-con-full e-flex e-con e-child\" data-id=\"bf3e8eb\" data-element_type=\"container\">\n\t\t\t\t<div class=\"elementor-element elementor-element-0944441 elementor-widget elementor-widget-heading\" data-id=\"0944441\" data-element_type=\"widget\" data-widget_type=\"heading.default\">\n\t\t\t\t<div class=\"elementor-widget-container\">\n\t\t\t<h1 class=\"elementor-heading-title elementor-size-default\">Context<\/h1>\t\t<\/div>\n\t\t\t\t<\/div>\n\t\t\t\t<div class=\"elementor-element elementor-element-837ab06 elementor-widget-divider--view-line elementor-widget elementor-widget-divider\" data-id=\"837ab06\" data-element_type=\"widget\" data-widget_type=\"divider.default\">\n\t\t\t\t<div class=\"elementor-widget-container\">\n\t\t\t\t\t<div class=\"elementor-divider\">\n\t\t\t<span class=\"elementor-divider-separator\">\n\t\t\t\t\t\t<\/span>\n\t\t<\/div>\n\t\t\t\t<\/div>\n\t\t\t\t<\/div>\n\t\t\t\t<div class=\"elementor-element elementor-element-acce0e4 elementor-widget elementor-widget-text-editor\" data-id=\"acce0e4\" data-element_type=\"widget\" data-widget_type=\"text-editor.default\">\n\t\t\t\t<div class=\"elementor-widget-container\">\n\t\t\t\t\t\t\t<p>Proiectul eviden\u021biaz\u0103 urgen\u021ba abord\u0103rii problemei s\u0103n\u0103t\u0103\u021bii mintale \u00een r\u00e2ndul tinerilor, considerat\u0103 una dintre cele mai importante provoc\u0103ri ale lumii contemporane. Este clar faptul c\u0103 fenomene precum schimb\u0103rile economice, pandemia COVID-19 \u0219i alte crize au sporit dificult\u0103\u021bile mentale ale tinerilor, ceea ce a dus la o cre\u0219tere a anxiet\u0103\u021bii, depresiei \u0219i a tentativelor de suicid.<\/p><p>Proiectul Stronger Youth abordeaz\u0103 problemele legate de s\u0103n\u0103tatea mintal\u0103 \u0219i rezilien\u021ba tinerilor la scar\u0103 global\u0103. Acesta permite institu\u021biilor partenere s\u0103 \u00ee\u0219i \u00eembun\u0103t\u0103\u021beasc\u0103 activit\u0103\u021bile \u00een domenii precum rezilien\u021ba tinerilor, prevenirea excluziunii sociale \u0219i comunicarea cu tinerii. Fiecare \u021bar\u0103 partener\u0103 ob\u021bine beneficii unice, iar rezultatele poten\u021biale includ \u00eembun\u0103t\u0103\u021birea eforturilor de incluziune social\u0103 \u00een Italia, cre\u0219terea angajamentului \u00een r\u00e2ndul tinerilor afla\u021bi \u00een situa\u021bii de risc \u00een Rom\u00e2nia \u0219i consolidarea activit\u0103\u021bilor de prevenire a s\u0103n\u0103t\u0103\u021bii mintale \u00een Portugalia, Republica Ceh\u0103 \u0219i Spania.<\/p>\t\t\t\t\t\t<\/div>\n\t\t\t\t<\/div>\n\t\t\t\t<\/div>\n\t\t<div class=\"elementor-element elementor-element-8d46c34 e-con-full e-flex e-con e-child\" data-id=\"8d46c34\" data-element_type=\"container\" data-settings=\"{&quot;background_background&quot;:&quot;classic&quot;}\">\n\t\t\t\t<div class=\"elementor-element elementor-element-ca53ebd elementor-widget elementor-widget-image\" data-id=\"ca53ebd\" data-element_type=\"widget\" data-widget_type=\"image.default\">\n\t\t\t\t<div class=\"elementor-widget-container\">\n\t\t\t\t\t\t\t\t\t\t\t\t\t<img fetchpriority=\"high\" decoding=\"async\" width=\"673\" height=\"689\" src=\"https:\/\/strongeryouth.eu\/wp-content\/uploads\/2024\/03\/R-1-1.jpg\" class=\"attachment-full size-full wp-image-519\" alt=\"\" srcset=\"https:\/\/strongeryouth.eu\/wp-content\/uploads\/2024\/03\/R-1-1.jpg 673w, https:\/\/strongeryouth.eu\/wp-content\/uploads\/2024\/03\/R-1-1-293x300.jpg 293w\" sizes=\"(max-width: 673px) 100vw, 673px\" \/>\t\t\t\t\t\t\t\t\t\t\t\t\t<\/div>\n\t\t\t\t<\/div>\n\t\t\t\t<\/div>\n\t\t\t\t\t<\/div>\n\t\t\t\t<\/div>\n\t\t<div class=\"elementor-element elementor-element-ec3d999 e-flex e-con-boxed e-con e-parent\" data-id=\"ec3d999\" data-element_type=\"container\" id=\"objectives\" data-settings=\"{&quot;background_background&quot;:&quot;classic&quot;}\">\n\t\t\t\t\t<div class=\"e-con-inner\">\n\t\t<div class=\"elementor-element elementor-element-8543a2f e-con-full e-flex e-con e-child\" data-id=\"8543a2f\" data-element_type=\"container\" data-settings=\"{&quot;background_background&quot;:&quot;classic&quot;}\">\n\t\t<div class=\"elementor-element elementor-element-653623f e-con-full e-flex e-con e-child\" data-id=\"653623f\" data-element_type=\"container\">\n\t\t\t\t<div class=\"elementor-element elementor-element-a689986 elementor-widget elementor-widget-heading\" data-id=\"a689986\" data-element_type=\"widget\" data-widget_type=\"heading.default\">\n\t\t\t\t<div class=\"elementor-widget-container\">\n\t\t\t<h1 class=\"elementor-heading-title elementor-size-default\">Obiective<\/h1>\t\t<\/div>\n\t\t\t\t<\/div>\n\t\t<div class=\"elementor-element elementor-element-aba28ba e-con-full e-flex e-con e-child\" data-id=\"aba28ba\" data-element_type=\"container\">\n\t\t\t\t<div class=\"elementor-element elementor-element-373c4d8 elementor-widget__width-initial elementor-widget elementor-widget-image\" data-id=\"373c4d8\" data-element_type=\"widget\" data-widget_type=\"image.default\">\n\t\t\t\t<div class=\"elementor-widget-container\">\n\t\t\t\t\t\t\t\t\t\t\t\t\t<img decoding=\"async\" width=\"127\" height=\"100\" src=\"https:\/\/strongeryouth.eu\/wp-content\/uploads\/2024\/03\/Number.svg\" class=\"attachment-large size-large wp-image-547\" alt=\"\" \/>\t\t\t\t\t\t\t\t\t\t\t\t\t<\/div>\n\t\t\t\t<\/div>\n\t\t\t\t<div class=\"elementor-element elementor-element-b335e88 elementor-widget elementor-widget-text-editor\" data-id=\"b335e88\" data-element_type=\"widget\" data-widget_type=\"text-editor.default\">\n\t\t\t\t<div class=\"elementor-widget-container\">\n\t\t\t\t\t\t\t<p>Promovarea abilit\u0103\u021bilor socio-emo\u021bionale \u00een cazul adolescen\u021bilor cu risc de depresie sau excluziune social\u0103, prin intermediul rela\u021biilor de mentorat cu colegii.<\/p>\t\t\t\t\t\t<\/div>\n\t\t\t\t<\/div>\n\t\t\t\t<\/div>\n\t\t<div class=\"elementor-element elementor-element-33d0c1c e-con-full e-flex e-con e-child\" data-id=\"33d0c1c\" data-element_type=\"container\">\n\t\t\t\t<div class=\"elementor-element elementor-element-1019b28 elementor-widget__width-initial elementor-widget elementor-widget-image\" data-id=\"1019b28\" data-element_type=\"widget\" data-widget_type=\"image.default\">\n\t\t\t\t<div class=\"elementor-widget-container\">\n\t\t\t\t\t\t\t\t\t\t\t\t\t<img decoding=\"async\" width=\"127\" height=\"101\" src=\"https:\/\/strongeryouth.eu\/wp-content\/uploads\/2024\/03\/Number-1.svg\" class=\"attachment-large size-large wp-image-533\" alt=\"\" \/>\t\t\t\t\t\t\t\t\t\t\t\t\t<\/div>\n\t\t\t\t<\/div>\n\t\t\t\t<div class=\"elementor-element elementor-element-b1cfa72 elementor-widget elementor-widget-text-editor\" data-id=\"b1cfa72\" data-element_type=\"widget\" data-widget_type=\"text-editor.default\">\n\t\t\t\t<div class=\"elementor-widget-container\">\n\t\t\t\t\t\t\t<p>Construirea unui program de mentorat \u00eentre egali ca interven\u021bie preventiv\u0103 a problemelor de s\u0103n\u0103tate mintal\u0103 \u0219i de incluziune pentru adolescen\u021bi.<\/p>\t\t\t\t\t\t<\/div>\n\t\t\t\t<\/div>\n\t\t\t\t<\/div>\n\t\t\t\t<\/div>\n\t\t<div class=\"elementor-element elementor-element-b9c9365 e-con-full elementor-hidden-tablet elementor-hidden-mobile e-flex e-con e-child\" data-id=\"b9c9365\" data-element_type=\"container\">\n\t\t\t\t<\/div>\n\t\t\t\t<\/div>\n\t\t\t\t\t<\/div>\n\t\t\t\t<\/div>\n\t\t<div class=\"elementor-element elementor-element-4c9a189 e-flex e-con-boxed e-con e-parent\" data-id=\"4c9a189\" data-element_type=\"container\" id=\"partners\" data-settings=\"{&quot;background_background&quot;:&quot;classic&quot;}\">\n\t\t\t\t\t<div class=\"e-con-inner\">\n\t\t\t\t<div class=\"elementor-element elementor-element-b6f70c7 elementor-widget elementor-widget-heading\" data-id=\"b6f70c7\" data-element_type=\"widget\" data-widget_type=\"heading.default\">\n\t\t\t\t<div class=\"elementor-widget-container\">\n\t\t\t<h1 class=\"elementor-heading-title elementor-size-default\">Partenerii proiectului<\/h1>\t\t<\/div>\n\t\t\t\t<\/div>\n\t\t<div class=\"elementor-element elementor-element-1399fae e-flex e-con-boxed e-con e-child\" data-id=\"1399fae\" data-element_type=\"container\">\n\t\t\t\t\t<div class=\"e-con-inner\">\n\t\t<div class=\"elementor-element elementor-element-b0615c2 e-con-full e-flex e-con e-child\" data-id=\"b0615c2\" data-element_type=\"container\">\n\t\t\t\t<div class=\"elementor-element elementor-element-29e365c elementor-widget elementor-widget-image\" data-id=\"29e365c\" data-element_type=\"widget\" data-widget_type=\"image.default\">\n\t\t\t\t<div class=\"elementor-widget-container\">\n\t\t\t\t\t\t\t\t\t\t\t\t\t<img loading=\"lazy\" decoding=\"async\" width=\"435\" height=\"242\" src=\"https:\/\/strongeryouth.eu\/wp-content\/uploads\/2024\/03\/Logo.png\" class=\"attachment-full size-full wp-image-593\" alt=\"\" srcset=\"https:\/\/strongeryouth.eu\/wp-content\/uploads\/2024\/03\/Logo.png 435w, https:\/\/strongeryouth.eu\/wp-content\/uploads\/2024\/03\/Logo-300x167.png 300w\" sizes=\"(max-width: 435px) 100vw, 435px\" \/>\t\t\t\t\t\t\t\t\t\t\t\t\t<\/div>\n\t\t\t\t<\/div>\n\t\t\t\t<div class=\"elementor-element elementor-element-6e3843d elementor-widget elementor-widget-heading\" data-id=\"6e3843d\" data-element_type=\"widget\" data-widget_type=\"heading.default\">\n\t\t\t\t<div class=\"elementor-widget-container\">\n\t\t\t<h1 class=\"elementor-heading-title elementor-size-default\">PRISM<\/h1>\t\t<\/div>\n\t\t\t\t<\/div>\n\t\t\t\t<div class=\"elementor-element elementor-element-77de739 elementor-widget elementor-widget-text-editor\" data-id=\"77de739\" data-element_type=\"widget\" data-widget_type=\"text-editor.default\">\n\t\t\t\t<div class=\"elementor-widget-container\">\n\t\t\t\t\t\t\t<p>PRISM Impresa Sociale s.r.l. ofer\u0103 un spa\u021biu de co-proiectare, deschis at\u00e2t actorilor publici, c\u00e2t \u0219i celor priva\u021bi, pentru dezvoltarea de strategii \u0219i interven\u021bii de \u00eembun\u0103t\u0103\u021bire menite s\u0103 valorifice poten\u021bialul, resursele sociale, culturale \u0219i economice ale comunit\u0103\u021bilor locale dintr-o perspectiv\u0103 interna\u021bional\u0103.<\/p>\t\t\t\t\t\t<\/div>\n\t\t\t\t<\/div>\n\t\t\t\t<\/div>\n\t\t<div class=\"elementor-element elementor-element-1a3f4d6 e-con-full e-flex e-con e-child\" data-id=\"1a3f4d6\" data-element_type=\"container\">\n\t\t\t\t<div class=\"elementor-element elementor-element-770cab0 elementor-widget elementor-widget-image\" data-id=\"770cab0\" data-element_type=\"widget\" data-widget_type=\"image.default\">\n\t\t\t\t<div class=\"elementor-widget-container\">\n\t\t\t\t\t\t\t\t\t\t\t\t\t<img loading=\"lazy\" decoding=\"async\" width=\"436\" height=\"242\" src=\"https:\/\/strongeryouth.eu\/wp-content\/uploads\/2024\/03\/Logo-1.png\" class=\"attachment-full size-full wp-image-558\" alt=\"\" srcset=\"https:\/\/strongeryouth.eu\/wp-content\/uploads\/2024\/03\/Logo-1.png 436w, https:\/\/strongeryouth.eu\/wp-content\/uploads\/2024\/03\/Logo-1-300x167.png 300w\" sizes=\"(max-width: 436px) 100vw, 436px\" \/>\t\t\t\t\t\t\t\t\t\t\t\t\t<\/div>\n\t\t\t\t<\/div>\n\t\t\t\t<div class=\"elementor-element elementor-element-ce52139 elementor-widget elementor-widget-heading\" data-id=\"ce52139\" data-element_type=\"widget\" data-widget_type=\"heading.default\">\n\t\t\t\t<div class=\"elementor-widget-container\">\n\t\t\t<h1 class=\"elementor-heading-title elementor-size-default\">VITECO<\/h1>\t\t<\/div>\n\t\t\t\t<\/div>\n\t\t\t\t<div class=\"elementor-element elementor-element-46086db elementor-widget elementor-widget-text-editor\" data-id=\"46086db\" data-element_type=\"widget\" data-widget_type=\"text-editor.default\">\n\t\t\t\t<div class=\"elementor-widget-container\">\n\t\t\t\t\t\t\t<p>VITECO ofer\u0103 suport tehnologic, proiectare de jocuri \u0219i aplica\u021bii pentru institu\u021bii de formare, \u0219coli \u0219i companii. Se angajeaz\u0103 \u00een favoarea simplit\u0103\u021bii \u0219i a capacit\u0103\u021bii de explorare, f\u0103c\u00e2nd \u00eenv\u0103\u021barea la distan\u021b\u0103 pl\u0103cut\u0103.<\/p>\t\t\t\t\t\t<\/div>\n\t\t\t\t<\/div>\n\t\t\t\t<\/div>\n\t\t<div class=\"elementor-element elementor-element-526990c e-con-full e-flex e-con e-child\" data-id=\"526990c\" data-element_type=\"container\">\n\t\t\t\t<div class=\"elementor-element elementor-element-690e097 elementor-widget elementor-widget-image\" data-id=\"690e097\" data-element_type=\"widget\" data-widget_type=\"image.default\">\n\t\t\t\t<div class=\"elementor-widget-container\">\n\t\t\t\t\t\t\t\t\t\t\t\t\t<img loading=\"lazy\" decoding=\"async\" width=\"435\" height=\"242\" src=\"https:\/\/strongeryouth.eu\/wp-content\/uploads\/2024\/03\/Logo-2.png\" class=\"attachment-full size-full wp-image-565\" alt=\"\" srcset=\"https:\/\/strongeryouth.eu\/wp-content\/uploads\/2024\/03\/Logo-2.png 435w, https:\/\/strongeryouth.eu\/wp-content\/uploads\/2024\/03\/Logo-2-300x167.png 300w\" sizes=\"(max-width: 435px) 100vw, 435px\" \/>\t\t\t\t\t\t\t\t\t\t\t\t\t<\/div>\n\t\t\t\t<\/div>\n\t\t\t\t<div class=\"elementor-element elementor-element-34e1012 elementor-widget elementor-widget-heading\" data-id=\"34e1012\" data-element_type=\"widget\" data-widget_type=\"heading.default\">\n\t\t\t\t<div class=\"elementor-widget-container\">\n\t\t\t<h1 class=\"elementor-heading-title elementor-size-default\">CPIP<\/h1>\t\t<\/div>\n\t\t\t\t<\/div>\n\t\t\t\t<div class=\"elementor-element elementor-element-188c008 elementor-widget elementor-widget-text-editor\" data-id=\"188c008\" data-element_type=\"widget\" data-widget_type=\"text-editor.default\">\n\t\t\t\t<div class=\"elementor-widget-container\">\n\t\t\t\t\t\t\t<p>CPIP este o institu\u021bie non-profit care promoveaz\u0103 \u00eenv\u0103\u021barea pe tot parcursul vie\u021bii \u0219i implicarea social\u0103. Aceasta organizeaz\u0103 cursuri, seminarii \u0219i ateliere de lucru la nivel local \u0219i interna\u021bional \u0219i dezvolt\u0103 programe educa\u021bionale pentru diferite grupuri \u021bint\u0103 de beneficiari.<\/p>\t\t\t\t\t\t<\/div>\n\t\t\t\t<\/div>\n\t\t\t\t<\/div>\n\t\t<div class=\"elementor-element elementor-element-103eae0 e-con-full e-flex e-con e-child\" data-id=\"103eae0\" data-element_type=\"container\">\n\t\t\t\t<div class=\"elementor-element elementor-element-759a5bd elementor-widget elementor-widget-image\" data-id=\"759a5bd\" data-element_type=\"widget\" data-widget_type=\"image.default\">\n\t\t\t\t<div class=\"elementor-widget-container\">\n\t\t\t\t\t\t\t\t\t\t\t\t\t<img loading=\"lazy\" decoding=\"async\" width=\"435\" height=\"242\" src=\"https:\/\/strongeryouth.eu\/wp-content\/uploads\/2024\/03\/Logo-3.png\" class=\"attachment-full size-full wp-image-572\" alt=\"\" srcset=\"https:\/\/strongeryouth.eu\/wp-content\/uploads\/2024\/03\/Logo-3.png 435w, https:\/\/strongeryouth.eu\/wp-content\/uploads\/2024\/03\/Logo-3-300x167.png 300w\" sizes=\"(max-width: 435px) 100vw, 435px\" \/>\t\t\t\t\t\t\t\t\t\t\t\t\t<\/div>\n\t\t\t\t<\/div>\n\t\t\t\t<div class=\"elementor-element elementor-element-8b27205 elementor-widget elementor-widget-heading\" data-id=\"8b27205\" data-element_type=\"widget\" data-widget_type=\"heading.default\">\n\t\t\t\t<div class=\"elementor-widget-container\">\n\t\t\t<h1 class=\"elementor-heading-title elementor-size-default\">PELICAN<\/h1>\t\t<\/div>\n\t\t\t\t<\/div>\n\t\t\t\t<div class=\"elementor-element elementor-element-b2750a9 elementor-widget elementor-widget-text-editor\" data-id=\"b2750a9\" data-element_type=\"widget\" data-widget_type=\"text-editor.default\">\n\t\t\t\t<div class=\"elementor-widget-container\">\n\t\t\t\t\t\t\t<p>LS PELICAN este dedicat abord\u0103rii unor probleme sociale precum educa\u021bia tinerilor, incluziunea social\u0103 \u0219i politica extern\u0103 \u00een Republica Ceh\u0103. Baz\u00e2ndu-se pe o experien\u021b\u0103 de peste 15 ani, LS PELICAN promoveaz\u0103 \u00een mod activ angajamentul civic \u0219i particip\u0103 la proiecte finan\u021bate de Comisia European\u0103 care acoper\u0103 subiecte diverse, cum ar fi educa\u021bia, mediul \u0219i instrumentele de \u00eenv\u0103\u021bare online.<\/p>\t\t\t\t\t\t<\/div>\n\t\t\t\t<\/div>\n\t\t\t\t<\/div>\n\t\t<div class=\"elementor-element elementor-element-b370573 e-con-full e-flex e-con e-child\" data-id=\"b370573\" data-element_type=\"container\">\n\t\t\t\t<div class=\"elementor-element elementor-element-99f43ce elementor-widget elementor-widget-image\" data-id=\"99f43ce\" data-element_type=\"widget\" data-widget_type=\"image.default\">\n\t\t\t\t<div class=\"elementor-widget-container\">\n\t\t\t\t\t\t\t\t\t\t\t\t\t<img loading=\"lazy\" decoding=\"async\" width=\"436\" height=\"242\" src=\"https:\/\/strongeryouth.eu\/wp-content\/uploads\/2024\/03\/Logo-4.png\" class=\"attachment-full size-full wp-image-579\" alt=\"\" srcset=\"https:\/\/strongeryouth.eu\/wp-content\/uploads\/2024\/03\/Logo-4.png 436w, https:\/\/strongeryouth.eu\/wp-content\/uploads\/2024\/03\/Logo-4-300x167.png 300w\" sizes=\"(max-width: 436px) 100vw, 436px\" \/>\t\t\t\t\t\t\t\t\t\t\t\t\t<\/div>\n\t\t\t\t<\/div>\n\t\t\t\t<div class=\"elementor-element elementor-element-28bd853 elementor-widget elementor-widget-heading\" data-id=\"28bd853\" data-element_type=\"widget\" data-widget_type=\"heading.default\">\n\t\t\t\t<div class=\"elementor-widget-container\">\n\t\t\t<h1 class=\"elementor-heading-title elementor-size-default\">FRAME<\/h1>\t\t<\/div>\n\t\t\t\t<\/div>\n\t\t\t\t<div class=\"elementor-element elementor-element-d531593 elementor-widget elementor-widget-text-editor\" data-id=\"d531593\" data-element_type=\"widget\" data-widget_type=\"text-editor.default\">\n\t\t\t\t<div class=\"elementor-widget-container\">\n\t\t\t\t\t\t\t<p>Funda\u021bia pentru Dezvoltarea Activit\u0103\u021bii Interna\u021bionale \u0219i Educa\u021bionale &#8211; \u00ee\u0219i propune s\u0103 dezvolte \u0219i s\u0103 promoveze cooperarea interna\u021bional\u0103 a comunit\u0103\u021bilor locale, sprijinind educa\u021bia, activitatea profesional\u0103 \u0219i bun\u0103starea cet\u0103\u021benilor. Are sediul \u00een Polonia, obiectivele sale fiind implementate prin dezvoltarea cooper\u0103rii interna\u021bionale, na\u021bionale \u0219i locale cu caracter social \u00een sens larg, sprijinind integrarea European\u0103, cooperarea activ\u0103 \u00een dezvoltarea societ\u0103\u021bii civile \u0219i a culturii democra\u021biei, precum \u0219i activit\u0103\u021bi \u0219tiin\u021bifice, educa\u021bionale \u0219i culturale.<\/p>\t\t\t\t\t\t<\/div>\n\t\t\t\t<\/div>\n\t\t\t\t<\/div>\n\t\t<div class=\"elementor-element elementor-element-1380873 e-con-full e-flex e-con e-child\" data-id=\"1380873\" data-element_type=\"container\">\n\t\t\t\t<div class=\"elementor-element elementor-element-4d175c9 elementor-widget elementor-widget-image\" data-id=\"4d175c9\" data-element_type=\"widget\" data-widget_type=\"image.default\">\n\t\t\t\t<div class=\"elementor-widget-container\">\n\t\t\t\t\t\t\t\t\t\t\t\t\t<img loading=\"lazy\" decoding=\"async\" width=\"435\" height=\"242\" src=\"https:\/\/strongeryouth.eu\/wp-content\/uploads\/2024\/03\/Logo-5.png\" class=\"attachment-full size-full wp-image-586\" alt=\"\" srcset=\"https:\/\/strongeryouth.eu\/wp-content\/uploads\/2024\/03\/Logo-5.png 435w, https:\/\/strongeryouth.eu\/wp-content\/uploads\/2024\/03\/Logo-5-300x167.png 300w\" sizes=\"(max-width: 435px) 100vw, 435px\" \/>\t\t\t\t\t\t\t\t\t\t\t\t\t<\/div>\n\t\t\t\t<\/div>\n\t\t\t\t<div class=\"elementor-element elementor-element-baffab9 elementor-widget elementor-widget-heading\" data-id=\"baffab9\" data-element_type=\"widget\" data-widget_type=\"heading.default\">\n\t\t\t\t<div class=\"elementor-widget-container\">\n\t\t\t<h1 class=\"elementor-heading-title elementor-size-default\">University of Evora<\/h1>\t\t<\/div>\n\t\t\t\t<\/div>\n\t\t\t\t<div class=\"elementor-element elementor-element-72d08ef elementor-widget elementor-widget-text-editor\" data-id=\"72d08ef\" data-element_type=\"widget\" data-widget_type=\"text-editor.default\">\n\t\t\t\t<div class=\"elementor-widget-container\">\n\t\t\t\t\t\t\t<p>Universitatea din \u00c9vora este format\u0103 din 5 unit\u0103\u021bi (Arte; \u0218tiin\u021be \u0219i tehnologie; \u0218tiin\u021be sociale; S\u0103n\u0103tate \u0219i dezvoltare uman\u0103; \u0219i Asisten\u021b\u0103 medical\u0103) care ofer\u0103 numeroase cursuri de licen\u021b\u0103 \u0219i postuniversitare. Universitatea face parte din Harta na\u021bional\u0103 a infrastructurilor de cercetare \u0219i se implic\u0103 \u00een comunitate prin diverse parteneriate. Domeniile de cercetare includ, printre altele, Psihologie, Educa\u021bie, Agronomie, Biodiversitate, Economie, Informatic\u0103 \u0219i S\u0103n\u0103tate.<\/p>\t\t\t\t\t\t<\/div>\n\t\t\t\t<\/div>\n\t\t\t\t<\/div>\n\t\t<div class=\"elementor-element elementor-element-6807628 e-con-full e-flex e-con e-child\" data-id=\"6807628\" data-element_type=\"container\">\n\t\t\t\t<div class=\"elementor-element elementor-element-60dfe90 elementor-widget elementor-widget-image\" data-id=\"60dfe90\" data-element_type=\"widget\" data-widget_type=\"image.default\">\n\t\t\t\t<div class=\"elementor-widget-container\">\n\t\t\t\t\t\t\t\t\t\t\t\t\t<img loading=\"lazy\" decoding=\"async\" width=\"436\" height=\"242\" src=\"https:\/\/strongeryouth.eu\/wp-content\/uploads\/2024\/03\/Logo7.png\" class=\"attachment-full size-full wp-image-600\" alt=\"\" srcset=\"https:\/\/strongeryouth.eu\/wp-content\/uploads\/2024\/03\/Logo7.png 436w, https:\/\/strongeryouth.eu\/wp-content\/uploads\/2024\/03\/Logo7-300x167.png 300w\" sizes=\"(max-width: 436px) 100vw, 436px\" \/>\t\t\t\t\t\t\t\t\t\t\t\t\t<\/div>\n\t\t\t\t<\/div>\n\t\t\t\t<div class=\"elementor-element elementor-element-7a62006 elementor-widget elementor-widget-heading\" data-id=\"7a62006\" data-element_type=\"widget\" data-widget_type=\"heading.default\">\n\t\t\t\t<div class=\"elementor-widget-container\">\n\t\t\t<h1 class=\"elementor-heading-title elementor-size-default\">Innohub<\/h1>\t\t<\/div>\n\t\t\t\t<\/div>\n\t\t\t\t<div class=\"elementor-element elementor-element-7addcc4 elementor-widget elementor-widget-text-editor\" data-id=\"7addcc4\" data-element_type=\"widget\" data-widget_type=\"text-editor.default\">\n\t\t\t\t<div class=\"elementor-widget-container\">\n\t\t\t\t\t\t\t<p>Valencia INNO HUB este o asocia\u021bie non-profit \u00eenregistrat\u0103 \u00een registrul na\u021bional al asocia\u021biilor.<\/p><p>Aceasta \u00ee\u0219i propune s\u0103 reuneasc\u0103 talentul \u0219i tehnologia. Pentru a realiza acest lucru, ne angaj\u0103m s\u0103 promov\u0103m antreprenoriatul prin ac\u021biuni care favorizeaz\u0103 crearea unui ecosistem propice gener\u0103rii de tehnologie \u0219i cuno\u0219tin\u021be, \u00eencuraj\u00e2nd astfel crearea de companii bazate pe tehnologie.<\/p>\t\t\t\t\t\t<\/div>\n\t\t\t\t<\/div>\n\t\t\t\t<\/div>\n\t\t\t\t\t<\/div>\n\t\t\t\t<\/div>\n\t\t\t\t\t<\/div>\n\t\t\t\t<\/div>\n\t\t\t\t<\/div>\n\t\t","protected":false},"excerpt":{"rendered":"<p>Context Proiectul eviden\u021biaz\u0103 urgen\u021ba abord\u0103rii problemei s\u0103n\u0103t\u0103\u021bii mintale \u00een r\u00e2ndul tinerilor, considerat\u0103 una dintre cele mai importante provoc\u0103ri ale lumii contemporane. Este clar faptul c\u0103 fenomene precum schimb\u0103rile economice, pandemia COVID-19 \u0219i alte crize au sporit dificult\u0103\u021bile mentale ale tinerilor, ceea ce a dus la o cre\u0219tere a anxiet\u0103\u021bii, depresiei \u0219i a tentativelor de suicid. [&hellip;]<\/p>\n","protected":false},"author":2,"featured_media":0,"parent":0,"menu_order":0,"comment_status":"closed","ping_status":"closed","template":"","meta":{"_monsterinsights_skip_tracking":false,"_monsterinsights_sitenote_active":false,"_monsterinsights_sitenote_note":"","_monsterinsights_sitenote_category":0,"footnotes":""},"class_list":["post-934","page","type-page","status-publish","hentry"],"_links":{"self":[{"href":"https:\/\/strongeryouth.eu\/ro\/wp-json\/wp\/v2\/pages\/934","targetHints":{"allow":["GET"]}}],"collection":[{"href":"https:\/\/strongeryouth.eu\/ro\/wp-json\/wp\/v2\/pages"}],"about":[{"href":"https:\/\/strongeryouth.eu\/ro\/wp-json\/wp\/v2\/types\/page"}],"author":[{"embeddable":true,"href":"https:\/\/strongeryouth.eu\/ro\/wp-json\/wp\/v2\/users\/2"}],"replies":[{"embeddable":true,"href":"https:\/\/strongeryouth.eu\/ro\/wp-json\/wp\/v2\/comments?post=934"}],"version-history":[{"count":4,"href":"https:\/\/strongeryouth.eu\/ro\/wp-json\/wp\/v2\/pages\/934\/revisions"}],"predecessor-version":[{"id":938,"href":"https:\/\/strongeryouth.eu\/ro\/wp-json\/wp\/v2\/pages\/934\/revisions\/938"}],"wp:attachment":[{"href":"https:\/\/strongeryouth.eu\/ro\/wp-json\/wp\/v2\/media?parent=934"}],"curies":[{"name":"wp","href":"https:\/\/api.w.org\/{rel}","templated":true}]}}