{"id":949,"date":"2024-03-15T08:35:25","date_gmt":"2024-03-15T08:35:25","guid":{"rendered":"https:\/\/strongeryouth.eu\/?page_id=949"},"modified":"2026-01-13T14:16:11","modified_gmt":"2026-01-13T14:16:11","slug":"noutati","status":"publish","type":"page","link":"https:\/\/strongeryouth.eu\/ro\/noutati\/","title":{"rendered":"Nout\u0103\u021bi"},"content":{"rendered":"\t\t<div data-elementor-type=\"wp-page\" data-elementor-id=\"949\" class=\"elementor elementor-949 elementor-35\" data-elementor-post-type=\"page\">\n\t\t\t\t<div class=\"elementor-element elementor-element-d41c552 e-flex e-con-boxed e-con e-parent\" data-id=\"d41c552\" data-element_type=\"container\">\n\t\t\t\t\t<div class=\"e-con-inner\">\n\t\t<div class=\"elementor-element elementor-element-85bb890 e-con-full e-flex e-con e-child\" data-id=\"85bb890\" data-element_type=\"container\">\n\t\t\t\t<div class=\"elementor-element elementor-element-ebed8d3 elementor-widget elementor-widget-heading\" data-id=\"ebed8d3\" data-element_type=\"widget\" data-widget_type=\"heading.default\">\n\t\t\t\t<div class=\"elementor-widget-container\">\n\t\t\t<h1 class=\"elementor-heading-title elementor-size-default\">Articole<\/h1>\t\t<\/div>\n\t\t\t\t<\/div>\n\t\t\t\t<div class=\"elementor-element elementor-element-d9cf693 elementor-widget-divider--view-line elementor-widget elementor-widget-divider\" data-id=\"d9cf693\" data-element_type=\"widget\" data-widget_type=\"divider.default\">\n\t\t\t\t<div class=\"elementor-widget-container\">\n\t\t\t\t\t<div class=\"elementor-divider\">\n\t\t\t<span class=\"elementor-divider-separator\">\n\t\t\t\t\t\t<\/span>\n\t\t<\/div>\n\t\t\t\t<\/div>\n\t\t\t\t<\/div>\n\t\t\t\t<div class=\"elementor-element elementor-element-d8e4df5 elementor-grid-2 elementor-grid-tablet-2 elementor-grid-mobile-1 elementor-widget elementor-widget-loop-grid\" data-id=\"d8e4df5\" data-element_type=\"widget\" data-settings=\"{&quot;template_id&quot;:923,&quot;columns&quot;:2,&quot;pagination_type&quot;:&quot;load_more_infinite_scroll&quot;,&quot;_skin&quot;:&quot;post&quot;,&quot;columns_tablet&quot;:&quot;2&quot;,&quot;columns_mobile&quot;:&quot;1&quot;,&quot;edit_handle_selector&quot;:&quot;[data-elementor-type=\\&quot;loop-item\\&quot;]&quot;,&quot;load_more_spinner&quot;:{&quot;value&quot;:&quot;fas fa-spinner&quot;,&quot;library&quot;:&quot;fa-solid&quot;},&quot;row_gap&quot;:{&quot;unit&quot;:&quot;px&quot;,&quot;size&quot;:&quot;&quot;,&quot;sizes&quot;:[]},&quot;row_gap_tablet&quot;:{&quot;unit&quot;:&quot;px&quot;,&quot;size&quot;:&quot;&quot;,&quot;sizes&quot;:[]},&quot;row_gap_mobile&quot;:{&quot;unit&quot;:&quot;px&quot;,&quot;size&quot;:&quot;&quot;,&quot;sizes&quot;:[]}}\" data-widget_type=\"loop-grid.post\">\n\t\t\t\t<div class=\"elementor-widget-container\">\n\t\t\t\t\t<div class=\"elementor-loop-container elementor-grid\">\n\t\t<style id=\"loop-923\">.elementor-923 .elementor-element.elementor-element-5903556{--display:flex;--background-transition:0.3s;border-style:solid;--border-style:solid;border-color:#171717;--border-color:#171717;--border-radius:20px 20px 20px 20px;--padding-top:20px;--padding-bottom:10px;--padding-left:20px;--padding-right:20px;}.elementor-923 .elementor-element.elementor-element-5903556, .elementor-923 .elementor-element.elementor-element-5903556::before{--border-transition:0.3s;}.elementor-widget-theme-post-title .elementor-heading-title{color:var( --e-global-color-primary );font-family:var( --e-global-typography-primary-font-family ), Sans-serif;font-weight:var( --e-global-typography-primary-font-weight );}.elementor-923 .elementor-element.elementor-element-b875adb .elementor-heading-title{color:#171716;font-family:\"Nunito\", Sans-serif;font-size:20px;font-weight:600;}.elementor-widget-theme-post-excerpt .elementor-widget-container{color:var( --e-global-color-text );font-family:var( --e-global-typography-text-font-family ), Sans-serif;font-weight:var( --e-global-typography-text-font-weight );}.elementor-923 .elementor-element.elementor-element-8db6d0b .elementor-widget-container{font-family:\"Nunito\", Sans-serif;font-size:14px;font-weight:400;}.elementor-widget-icon.elementor-view-stacked .elementor-icon{background-color:var( --e-global-color-primary );}.elementor-widget-icon.elementor-view-framed .elementor-icon, .elementor-widget-icon.elementor-view-default .elementor-icon{color:var( --e-global-color-primary );border-color:var( --e-global-color-primary );}.elementor-widget-icon.elementor-view-framed .elementor-icon, .elementor-widget-icon.elementor-view-default .elementor-icon svg{fill:var( --e-global-color-primary );}.elementor-923 .elementor-element.elementor-element-7f4d1ee .elementor-icon-wrapper{text-align:right;}.elementor-923 .elementor-element.elementor-element-7f4d1ee.elementor-view-stacked .elementor-icon{background-color:#FFFFFF;}.elementor-923 .elementor-element.elementor-element-7f4d1ee.elementor-view-framed .elementor-icon, .elementor-923 .elementor-element.elementor-element-7f4d1ee.elementor-view-default .elementor-icon{color:#FFFFFF;border-color:#FFFFFF;}.elementor-923 .elementor-element.elementor-element-7f4d1ee.elementor-view-framed .elementor-icon, .elementor-923 .elementor-element.elementor-element-7f4d1ee.elementor-view-default .elementor-icon svg{fill:#FFFFFF;}.elementor-923 .elementor-element.elementor-element-7f4d1ee .elementor-icon{font-size:28px;}.elementor-923 .elementor-element.elementor-element-7f4d1ee .elementor-icon svg{height:28px;}.elementor-923 .elementor-element.elementor-element-7f4d1ee > .elementor-widget-container{margin:-35px 0px 0px 0px;}<\/style>\t\t<div data-elementor-type=\"loop-item\" data-elementor-id=\"923\" class=\"elementor elementor-923 elementor-757 e-loop-item e-loop-item-2586 post-2586 post type-post status-publish format-standard hentry category-uncategorized-ro\" data-elementor-post-type=\"elementor_library\" data-custom-edit-handle=\"1\">\n\t\t\t<div class=\"elementor-element elementor-element-5903556 e-flex e-con-boxed e-con e-parent\" data-id=\"5903556\" data-element_type=\"container\">\n\t\t\t\t\t<div class=\"e-con-inner\">\n\t\t\t\t<div class=\"elementor-element elementor-element-b875adb elementor-widget elementor-widget-theme-post-title elementor-page-title elementor-widget-heading\" data-id=\"b875adb\" data-element_type=\"widget\" data-widget_type=\"theme-post-title.default\">\n\t\t\t\t<div class=\"elementor-widget-container\">\n\t\t\t<h1 class=\"elementor-heading-title elementor-size-default\"><a href=\"https:\/\/strongeryouth.eu\/ro\/sprijinirea-noii-generatii-importanta-platformei-online-skills-assessment-tool-osat-in-cadrul-proiectului-stronger-youth\/\">Sprijinirea noii genera\u021bii: importan\u021ba platformei Online Skills Assessment Tool (OSAT) \u00een cadrul proiectului STRONGER YOUTH<\/a><\/h1>\t\t<\/div>\n\t\t\t\t<\/div>\n\t\t\t\t<div class=\"elementor-element elementor-element-8db6d0b elementor-widget elementor-widget-theme-post-excerpt\" data-id=\"8db6d0b\" data-element_type=\"widget\" data-widget_type=\"theme-post-excerpt.default\">\n\t\t\t\t<div class=\"elementor-widget-container\">\n\t\t\t<p>\u00cen contextul unei societ\u0103\u021bi aflate \u00eentr-o continu\u0103 schimbare, capacitatea tinerilor de a conduce, de a fi mentori \u0219i de a...\t\t<\/div>\n\t\t\t\t<\/div>\n\t\t\t\t<div class=\"elementor-element elementor-element-7f4d1ee elementor-view-default elementor-widget elementor-widget-icon\" data-id=\"7f4d1ee\" data-element_type=\"widget\" data-widget_type=\"icon.default\">\n\t\t\t\t<div class=\"elementor-widget-container\">\n\t\t\t\t\t<div class=\"elementor-icon-wrapper\">\n\t\t\t<a class=\"elementor-icon\" href=\"https:\/\/strongeryouth.eu\/ro\/sprijinirea-noii-generatii-importanta-platformei-online-skills-assessment-tool-osat-in-cadrul-proiectului-stronger-youth\/\">\n\t\t\t<svg xmlns=\"http:\/\/www.w3.org\/2000\/svg\" width=\"30\" height=\"30\" viewBox=\"0 0 30 30\" fill=\"none\"><path d=\"M26.25 23.75L26.25 6.25C26.25 4.86929 25.1307 3.75 23.75 3.75L6.25 3.75C4.86929 3.75 3.75 4.86929 3.75 6.25L3.75 23.75C3.75 25.1307 4.86929 26.25 6.25 26.25L23.75 26.25C25.1307 26.25 26.25 25.1307 26.25 23.75Z\" stroke=\"#616161\" stroke-width=\"2\" stroke-linecap=\"round\" stroke-linejoin=\"round\"><\/path><path d=\"M15 20L20 15L15 10\" stroke=\"#616161\" stroke-width=\"2\" stroke-linecap=\"round\" stroke-linejoin=\"round\"><\/path><path d=\"M10 15L20 15\" stroke=\"#616161\" stroke-width=\"2\" stroke-linecap=\"round\" stroke-linejoin=\"round\"><\/path><\/svg>\t\t\t<\/a>\n\t\t<\/div>\n\t\t\t\t<\/div>\n\t\t\t\t<\/div>\n\t\t\t\t\t<\/div>\n\t\t\t\t<\/div>\n\t\t\t\t<\/div>\n\t\t\t\t<div data-elementor-type=\"loop-item\" data-elementor-id=\"923\" class=\"elementor elementor-923 elementor-757 e-loop-item e-loop-item-2295 post-2295 post type-post status-publish format-standard hentry category-uncategorized-ro\" data-elementor-post-type=\"elementor_library\" data-custom-edit-handle=\"1\">\n\t\t\t<div class=\"elementor-element elementor-element-5903556 e-flex e-con-boxed e-con e-parent\" data-id=\"5903556\" data-element_type=\"container\">\n\t\t\t\t\t<div class=\"e-con-inner\">\n\t\t\t\t<div class=\"elementor-element elementor-element-b875adb elementor-widget elementor-widget-theme-post-title elementor-page-title elementor-widget-heading\" data-id=\"b875adb\" data-element_type=\"widget\" data-widget_type=\"theme-post-title.default\">\n\t\t\t\t<div class=\"elementor-widget-container\">\n\t\t\t<h1 class=\"elementor-heading-title elementor-size-default\"><a href=\"https:\/\/strongeryouth.eu\/ro\/o-abordare-de-mentorat-intre-colegi-pentru-sanatate-mintala-si-incluziune\/\">O abordare de mentorat \u00eentre colegi pentru s\u0103n\u0103tate mintal\u0103 \u0219i incluziune<\/a><\/h1>\t\t<\/div>\n\t\t\t\t<\/div>\n\t\t\t\t<div class=\"elementor-element elementor-element-8db6d0b elementor-widget elementor-widget-theme-post-excerpt\" data-id=\"8db6d0b\" data-element_type=\"widget\" data-widget_type=\"theme-post-excerpt.default\">\n\t\t\t\t<div class=\"elementor-widget-container\">\n\t\t\t<p>Mul\u021bi adolescen\u021bi se confrunt\u0103 cu dificult\u0103\u021bi de s\u0103n\u0103tate mintal\u0103, izolare social\u0103 \u0219i o lips\u0103 de apartenen\u021b\u0103, ceea ce le poate...\t\t<\/div>\n\t\t\t\t<\/div>\n\t\t\t\t<div class=\"elementor-element elementor-element-7f4d1ee elementor-view-default elementor-widget elementor-widget-icon\" data-id=\"7f4d1ee\" data-element_type=\"widget\" data-widget_type=\"icon.default\">\n\t\t\t\t<div class=\"elementor-widget-container\">\n\t\t\t\t\t<div class=\"elementor-icon-wrapper\">\n\t\t\t<a class=\"elementor-icon\" href=\"https:\/\/strongeryouth.eu\/ro\/o-abordare-de-mentorat-intre-colegi-pentru-sanatate-mintala-si-incluziune\/\">\n\t\t\t<svg xmlns=\"http:\/\/www.w3.org\/2000\/svg\" width=\"30\" height=\"30\" viewBox=\"0 0 30 30\" fill=\"none\"><path d=\"M26.25 23.75L26.25 6.25C26.25 4.86929 25.1307 3.75 23.75 3.75L6.25 3.75C4.86929 3.75 3.75 4.86929 3.75 6.25L3.75 23.75C3.75 25.1307 4.86929 26.25 6.25 26.25L23.75 26.25C25.1307 26.25 26.25 25.1307 26.25 23.75Z\" stroke=\"#616161\" stroke-width=\"2\" stroke-linecap=\"round\" stroke-linejoin=\"round\"><\/path><path d=\"M15 20L20 15L15 10\" stroke=\"#616161\" stroke-width=\"2\" stroke-linecap=\"round\" stroke-linejoin=\"round\"><\/path><path d=\"M10 15L20 15\" stroke=\"#616161\" stroke-width=\"2\" stroke-linecap=\"round\" stroke-linejoin=\"round\"><\/path><\/svg>\t\t\t<\/a>\n\t\t<\/div>\n\t\t\t\t<\/div>\n\t\t\t\t<\/div>\n\t\t\t\t\t<\/div>\n\t\t\t\t<\/div>\n\t\t\t\t<\/div>\n\t\t\t\t<div data-elementor-type=\"loop-item\" data-elementor-id=\"923\" class=\"elementor elementor-923 elementor-757 e-loop-item e-loop-item-1486 post-1486 post type-post status-publish format-standard hentry category-uncategorized-ro\" data-elementor-post-type=\"elementor_library\" data-custom-edit-handle=\"1\">\n\t\t\t<div class=\"elementor-element elementor-element-5903556 e-flex e-con-boxed e-con e-parent\" data-id=\"5903556\" data-element_type=\"container\">\n\t\t\t\t\t<div class=\"e-con-inner\">\n\t\t\t\t<div class=\"elementor-element elementor-element-b875adb elementor-widget elementor-widget-theme-post-title elementor-page-title elementor-widget-heading\" data-id=\"b875adb\" data-element_type=\"widget\" data-widget_type=\"theme-post-title.default\">\n\t\t\t\t<div class=\"elementor-widget-container\">\n\t\t\t<h1 class=\"elementor-heading-title elementor-size-default\"><a href=\"https:\/\/strongeryouth.eu\/ro\/ce-face-ca-proiectul-stronger-youth-sa-fie-inovator\/\">Ce face ca proiectul Stronger Youth s\u0103 fie inovator?<\/a><\/h1>\t\t<\/div>\n\t\t\t\t<\/div>\n\t\t\t\t<div class=\"elementor-element elementor-element-8db6d0b elementor-widget elementor-widget-theme-post-excerpt\" data-id=\"8db6d0b\" data-element_type=\"widget\" data-widget_type=\"theme-post-excerpt.default\">\n\t\t\t\t<div class=\"elementor-widget-container\">\n\t\t\t<p>Caracterul inovator al proiectului const\u0103 \u00een faptul c\u0103 acesta implic\u0103 \u00een primul r\u00e2nd colegii pentru a crea leg\u0103turi la o...\t\t<\/div>\n\t\t\t\t<\/div>\n\t\t\t\t<div class=\"elementor-element elementor-element-7f4d1ee elementor-view-default elementor-widget elementor-widget-icon\" data-id=\"7f4d1ee\" data-element_type=\"widget\" data-widget_type=\"icon.default\">\n\t\t\t\t<div class=\"elementor-widget-container\">\n\t\t\t\t\t<div class=\"elementor-icon-wrapper\">\n\t\t\t<a class=\"elementor-icon\" href=\"https:\/\/strongeryouth.eu\/ro\/ce-face-ca-proiectul-stronger-youth-sa-fie-inovator\/\">\n\t\t\t<svg xmlns=\"http:\/\/www.w3.org\/2000\/svg\" width=\"30\" height=\"30\" viewBox=\"0 0 30 30\" fill=\"none\"><path d=\"M26.25 23.75L26.25 6.25C26.25 4.86929 25.1307 3.75 23.75 3.75L6.25 3.75C4.86929 3.75 3.75 4.86929 3.75 6.25L3.75 23.75C3.75 25.1307 4.86929 26.25 6.25 26.25L23.75 26.25C25.1307 26.25 26.25 25.1307 26.25 23.75Z\" stroke=\"#616161\" stroke-width=\"2\" stroke-linecap=\"round\" stroke-linejoin=\"round\"><\/path><path d=\"M15 20L20 15L15 10\" stroke=\"#616161\" stroke-width=\"2\" stroke-linecap=\"round\" stroke-linejoin=\"round\"><\/path><path d=\"M10 15L20 15\" stroke=\"#616161\" stroke-width=\"2\" stroke-linecap=\"round\" stroke-linejoin=\"round\"><\/path><\/svg>\t\t\t<\/a>\n\t\t<\/div>\n\t\t\t\t<\/div>\n\t\t\t\t<\/div>\n\t\t\t\t\t<\/div>\n\t\t\t\t<\/div>\n\t\t\t\t<\/div>\n\t\t\t\t<\/div>\n\t\t\t\t\t<span class=\"e-load-more-spinner\">\n\t\t\t\t<svg aria-hidden=\"true\" class=\"e-font-icon-svg e-fas-spinner\" viewBox=\"0 0 512 512\" xmlns=\"http:\/\/www.w3.org\/2000\/svg\"><path d=\"M304 48c0 26.51-21.49 48-48 48s-48-21.49-48-48 21.49-48 48-48 48 21.49 48 48zm-48 368c-26.51 0-48 21.49-48 48s21.49 48 48 48 48-21.49 48-48-21.49-48-48-48zm208-208c-26.51 0-48 21.49-48 48s21.49 48 48 48 48-21.49 48-48-21.49-48-48-48zM96 256c0-26.51-21.49-48-48-48S0 229.49 0 256s21.49 48 48 48 48-21.49 48-48zm12.922 99.078c-26.51 0-48 21.49-48 48s21.49 48 48 48 48-21.49 48-48c0-26.509-21.491-48-48-48zm294.156 0c-26.51 0-48 21.49-48 48s21.49 48 48 48 48-21.49 48-48c0-26.509-21.49-48-48-48zM108.922 60.922c-26.51 0-48 21.49-48 48s21.49 48 48 48 48-21.49 48-48-21.491-48-48-48z\"><\/path><\/svg>\t\t\t<\/span>\n\t\t\n\t\t\t\t<\/div>\n\t\t\t\t<\/div>\n\t\t\t\t<\/div>\n\t\t<div class=\"elementor-element elementor-element-746fbca e-con-full e-flex e-con e-child\" data-id=\"746fbca\" data-element_type=\"container\">\n\t\t\t\t<div class=\"elementor-element elementor-element-7de0eda elementor-widget elementor-widget-heading\" data-id=\"7de0eda\" data-element_type=\"widget\" data-widget_type=\"heading.default\">\n\t\t\t\t<div class=\"elementor-widget-container\">\n\t\t\t<h1 class=\"elementor-heading-title elementor-size-default\">Buletine informative<\/h1>\t\t<\/div>\n\t\t\t\t<\/div>\n\t\t\t\t<div class=\"elementor-element elementor-element-54af447 elementor-widget-divider--view-line elementor-widget elementor-widget-divider\" data-id=\"54af447\" data-element_type=\"widget\" data-widget_type=\"divider.default\">\n\t\t\t\t<div class=\"elementor-widget-container\">\n\t\t\t\t\t<div class=\"elementor-divider\">\n\t\t\t<span class=\"elementor-divider-separator\">\n\t\t\t\t\t\t<\/span>\n\t\t<\/div>\n\t\t\t\t<\/div>\n\t\t\t\t<\/div>\n\t\t\t\t<div class=\"elementor-element elementor-element-d5ddc5f elementor-icon-list--layout-traditional elementor-list-item-link-full_width elementor-widget elementor-widget-icon-list\" data-id=\"d5ddc5f\" data-element_type=\"widget\" data-widget_type=\"icon-list.default\">\n\t\t\t\t<div class=\"elementor-widget-container\">\n\t\t\t\t\t<ul class=\"elementor-icon-list-items\">\n\t\t\t\t\t\t\t<li class=\"elementor-icon-list-item\">\n\t\t\t\t\t\t\t\t\t\t\t<a href=\"https:\/\/strongeryouth.eu\/wp-content\/uploads\/2024\/06\/NEWSLETTER-1_RO.pdf\" target=\"_blank\">\n\n\t\t\t\t\t\t\t\t\t\t\t\t<span class=\"elementor-icon-list-icon\">\n\t\t\t\t\t\t\t<svg aria-hidden=\"true\" class=\"e-font-icon-svg e-fas-circle\" viewBox=\"0 0 512 512\" xmlns=\"http:\/\/www.w3.org\/2000\/svg\"><path d=\"M256 8C119 8 8 119 8 256s111 248 248 248 248-111 248-248S393 8 256 8z\"><\/path><\/svg>\t\t\t\t\t\t<\/span>\n\t\t\t\t\t\t\t\t\t\t<span class=\"elementor-icon-list-text\">#1 Newsletter<\/span>\n\t\t\t\t\t\t\t\t\t\t\t<\/a>\n\t\t\t\t\t\t\t\t\t<\/li>\n\t\t\t\t\t\t\t\t<li class=\"elementor-icon-list-item\">\n\t\t\t\t\t\t\t\t\t\t\t<a href=\"https:\/\/strongeryouth.eu\/wp-content\/uploads\/2024\/11\/NEWSLETTER-2-STRONGER-YOUTH_RO.pdf\" target=\"_blank\">\n\n\t\t\t\t\t\t\t\t\t\t\t\t<span class=\"elementor-icon-list-icon\">\n\t\t\t\t\t\t\t<svg aria-hidden=\"true\" class=\"e-font-icon-svg e-fas-circle\" viewBox=\"0 0 512 512\" xmlns=\"http:\/\/www.w3.org\/2000\/svg\"><path d=\"M256 8C119 8 8 119 8 256s111 248 248 248 248-111 248-248S393 8 256 8z\"><\/path><\/svg>\t\t\t\t\t\t<\/span>\n\t\t\t\t\t\t\t\t\t\t<span class=\"elementor-icon-list-text\">#2 Newsletter<\/span>\n\t\t\t\t\t\t\t\t\t\t\t<\/a>\n\t\t\t\t\t\t\t\t\t<\/li>\n\t\t\t\t\t\t\t\t<li class=\"elementor-icon-list-item\">\n\t\t\t\t\t\t\t\t\t\t\t<a href=\"https:\/\/strongeryouth.eu\/wp-content\/uploads\/2025\/07\/RO_NEWSLETTER-3.pdf\" target=\"_blank\">\n\n\t\t\t\t\t\t\t\t\t\t\t\t<span class=\"elementor-icon-list-icon\">\n\t\t\t\t\t\t\t<svg aria-hidden=\"true\" class=\"e-font-icon-svg e-fas-circle\" viewBox=\"0 0 512 512\" xmlns=\"http:\/\/www.w3.org\/2000\/svg\"><path d=\"M256 8C119 8 8 119 8 256s111 248 248 248 248-111 248-248S393 8 256 8z\"><\/path><\/svg>\t\t\t\t\t\t<\/span>\n\t\t\t\t\t\t\t\t\t\t<span class=\"elementor-icon-list-text\">#3 Newsletter<\/span>\n\t\t\t\t\t\t\t\t\t\t\t<\/a>\n\t\t\t\t\t\t\t\t\t<\/li>\n\t\t\t\t\t\t\t\t<li class=\"elementor-icon-list-item\">\n\t\t\t\t\t\t\t\t\t\t\t<a href=\"https:\/\/strongeryouth.eu\/wp-content\/uploads\/2026\/01\/RO_NEWSLETTER_4_Stronger-Youth.pdf\" target=\"_blank\">\n\n\t\t\t\t\t\t\t\t\t\t\t\t<span class=\"elementor-icon-list-icon\">\n\t\t\t\t\t\t\t<svg aria-hidden=\"true\" class=\"e-font-icon-svg e-fas-circle\" viewBox=\"0 0 512 512\" xmlns=\"http:\/\/www.w3.org\/2000\/svg\"><path d=\"M256 8C119 8 8 119 8 256s111 248 248 248 248-111 248-248S393 8 256 8z\"><\/path><\/svg>\t\t\t\t\t\t<\/span>\n\t\t\t\t\t\t\t\t\t\t<span class=\"elementor-icon-list-text\">#4 Newsletter<\/span>\n\t\t\t\t\t\t\t\t\t\t\t<\/a>\n\t\t\t\t\t\t\t\t\t<\/li>\n\t\t\t\t\t\t<\/ul>\n\t\t\t\t<\/div>\n\t\t\t\t<\/div>\n\t\t\t\t<\/div>\n\t\t\t\t\t<\/div>\n\t\t\t\t<\/div>\n\t\t\t\t<\/div>\n\t\t","protected":false},"excerpt":{"rendered":"<p>Articole Buletine informative #1 Newsletter #2 Newsletter #3 Newsletter #4 Newsletter<\/p>\n","protected":false},"author":2,"featured_media":0,"parent":0,"menu_order":0,"comment_status":"closed","ping_status":"closed","template":"","meta":{"_monsterinsights_skip_tracking":false,"_monsterinsights_sitenote_active":false,"_monsterinsights_sitenote_note":"","_monsterinsights_sitenote_category":0,"footnotes":""},"class_list":["post-949","page","type-page","status-publish","hentry"],"_links":{"self":[{"href":"https:\/\/strongeryouth.eu\/ro\/wp-json\/wp\/v2\/pages\/949","targetHints":{"allow":["GET"]}}],"collection":[{"href":"https:\/\/strongeryouth.eu\/ro\/wp-json\/wp\/v2\/pages"}],"about":[{"href":"https:\/\/strongeryouth.eu\/ro\/wp-json\/wp\/v2\/types\/page"}],"author":[{"embeddable":true,"href":"https:\/\/strongeryouth.eu\/ro\/wp-json\/wp\/v2\/users\/2"}],"replies":[{"embeddable":true,"href":"https:\/\/strongeryouth.eu\/ro\/wp-json\/wp\/v2\/comments?post=949"}],"version-history":[{"count":27,"href":"https:\/\/strongeryouth.eu\/ro\/wp-json\/wp\/v2\/pages\/949\/revisions"}],"predecessor-version":[{"id":2947,"href":"https:\/\/strongeryouth.eu\/ro\/wp-json\/wp\/v2\/pages\/949\/revisions\/2947"}],"wp:attachment":[{"href":"https:\/\/strongeryouth.eu\/ro\/wp-json\/wp\/v2\/media?parent=949"}],"curies":[{"name":"wp","href":"https:\/\/api.w.org\/{rel}","templated":true}]}}